{"id":25,"date":"2022-11-14T09:39:14","date_gmt":"2022-11-14T09:39:14","guid":{"rendered":"https:\/\/ipartelecom.com\/?page_id=25"},"modified":"2023-05-22T13:37:47","modified_gmt":"2023-05-22T13:37:47","slug":"renewables","status":"publish","type":"page","link":"https:\/\/ipartelecom.com\/es\/renewables\/","title":{"rendered":"Renovables"},"content":{"rendered":"<div class=\"wpb-content-wrapper\"><div class=\"vc_row wpb_row vc_row-fluid\"><div class=\"wpb_column vc_column_container vc_col-sm-12\"><div class=\"vc_column-inner\"><div class=\"wpb_wrapper\">\n\t<div class=\"wpb_text_column wpb_content_element\" >\n\t\t<div class=\"wpb_wrapper\">\n\t\t\t<h1>Renovables<\/h1>\n\n\t\t<\/div>\n\t<\/div>\n\n\t<div class=\"wpb_text_column wpb_content_element subrayado\" >\n\t\t<div class=\"wpb_wrapper\">\n\t\t\t\n\t\t<\/div>\n\t<\/div>\n<\/div><\/div><\/div><\/div><div class=\"vc_row wpb_row vc_row-fluid wireless\"><div class=\"images wpb_column vc_column_container vc_col-sm-4\"><div class=\"vc_column-inner\"><div class=\"wpb_wrapper\">\n\t<div  class=\"wpb_single_image wpb_content_element vc_align_left wpb_content_element\">\n\t\t\n\t\t<figure class=\"wpb_wrapper vc_figure\">\n\t\t\t<div class=\"vc_single_image-wrapper   vc_box_border_grey\"><img loading=\"lazy\" decoding=\"async\" width=\"800\" height=\"600\" src=\"https:\/\/ipartelecom.com\/wp-content\/uploads\/2023\/05\/ipar_solar.jpg\" class=\"vc_single_image-img attachment-full\" alt=\"\" title=\"ipar_solar\" srcset=\"https:\/\/ipartelecom.com\/wp-content\/uploads\/2023\/05\/ipar_solar.jpg 800w, https:\/\/ipartelecom.com\/wp-content\/uploads\/2023\/05\/ipar_solar-300x225.jpg 300w, https:\/\/ipartelecom.com\/wp-content\/uploads\/2023\/05\/ipar_solar-768x576.jpg 768w, https:\/\/ipartelecom.com\/wp-content\/uploads\/2023\/05\/ipar_solar-16x12.jpg 16w\" sizes=\"auto, (max-width: 800px) 100vw, 800px\" \/><\/div>\n\t\t<\/figure>\n\t<\/div>\n\n\t<div  class=\"wpb_single_image wpb_content_element vc_align_left wpb_content_element\">\n\t\t\n\t\t<figure class=\"wpb_wrapper vc_figure\">\n\t\t\t<div class=\"vc_single_image-wrapper   vc_box_border_grey\"><img loading=\"lazy\" decoding=\"async\" width=\"800\" height=\"600\" src=\"https:\/\/ipartelecom.com\/wp-content\/uploads\/2023\/05\/ipar_reunion.jpg\" class=\"vc_single_image-img attachment-full\" alt=\"\" title=\"ipar_reunion\" srcset=\"https:\/\/ipartelecom.com\/wp-content\/uploads\/2023\/05\/ipar_reunion.jpg 800w, https:\/\/ipartelecom.com\/wp-content\/uploads\/2023\/05\/ipar_reunion-300x225.jpg 300w, https:\/\/ipartelecom.com\/wp-content\/uploads\/2023\/05\/ipar_reunion-768x576.jpg 768w, https:\/\/ipartelecom.com\/wp-content\/uploads\/2023\/05\/ipar_reunion-16x12.jpg 16w\" sizes=\"auto, (max-width: 800px) 100vw, 800px\" \/><\/div>\n\t\t<\/figure>\n\t<\/div>\n<\/div><\/div><\/div><div class=\"contenido wpb_column vc_column_container vc_col-sm-5\"><div class=\"vc_column-inner\"><div class=\"wpb_wrapper\">\n\t<div class=\"wpb_text_column wpb_content_element\" >\n\t\t<div class=\"wpb_wrapper\">\n\t\t\t<h3>FOTOVOLTAICA<\/h3>\n<p>-Ingenier\u00eda y dise\u00f1o, c\u00e1lculos estructurales.<\/p>\n<p>-EPC llave en mano<\/p>\n<p>-Instalaci\u00f3n puesta en marcha, auditor\u00eda y mantenimiento de sistemas de autoconsumo con y sin vertido a la red.<\/p>\n<p>-Sistemas de monitorizaci\u00f3n.<\/p>\n<h3>EOLICA<\/h3>\n<p>-Ingenier\u00eda y dise\u00f1o<\/p>\n<p>-Sistemas mini e\u00f3lica para infraestructuras de telecomunicaciones remotas.<\/p>\n<p>-Sistemas Modulares para edificios.<\/p>\n<h3>MOVILIDAD EL\u00c9CTRICA<\/h3>\n<p>-Ingenier\u00eda y dise\u00f1o<\/p>\n<p>-Instalaciones y mantenimiento sistemas de carga lenta, media y r\u00e1pida; centros de trabajo, flotas, zonas p\u00fablicas, retail y residencial.<\/p>\n<p>-Balanceos de consumo y control de potencia.<\/p>\n\n\t\t<\/div>\n\t<\/div>\n<\/div><\/div><\/div><div class=\"windturbine wpb_column vc_column_container vc_col-sm-3 vc_col-lg-3\"><div class=\"vc_column-inner\"><div class=\"wpb_wrapper\">\n\t<div  class=\"wpb_single_image wpb_content_element vc_align_left wpb_content_element\">\n\t\t\n\t\t<figure class=\"wpb_wrapper vc_figure\">\n\t\t\t<div class=\"vc_single_image-wrapper   vc_box_border_grey\"><img loading=\"lazy\" decoding=\"async\" width=\"749\" height=\"2048\" src=\"https:\/\/ipartelecom.com\/wp-content\/uploads\/2022\/11\/windturbine.jpg\" class=\"vc_single_image-img attachment-full\" alt=\"\" title=\"windturbine\" srcset=\"https:\/\/ipartelecom.com\/wp-content\/uploads\/2022\/11\/windturbine.jpg 749w, https:\/\/ipartelecom.com\/wp-content\/uploads\/2022\/11\/windturbine-110x300.jpg 110w, https:\/\/ipartelecom.com\/wp-content\/uploads\/2022\/11\/windturbine-375x1024.jpg 375w, https:\/\/ipartelecom.com\/wp-content\/uploads\/2022\/11\/windturbine-562x1536.jpg 562w, https:\/\/ipartelecom.com\/wp-content\/uploads\/2022\/11\/windturbine-4x12.jpg 4w\" sizes=\"auto, (max-width: 749px) 100vw, 749px\" \/><\/div>\n\t\t<\/figure>\n\t<\/div>\n<\/div><\/div><\/div><\/div><div class=\"vc_row wpb_row vc_row-fluid\"><div class=\"wpb_column vc_column_container vc_col-sm-12\"><div class=\"vc_column-inner\"><div class=\"wpb_wrapper\">\n\t<div class=\"wpb_text_column wpb_content_element subrayado\" >\n\t\t<div class=\"wpb_wrapper\">\n\t\t\t<h2>Cat\u00e1logo<\/h2>\n\n\t\t<\/div>\n\t<\/div>\n<\/div><\/div><\/div><\/div><div class=\"vc_row wpb_row vc_row-fluid fixed vc_row-o-content-middle vc_row-flex\"><div class=\"wpb_column vc_column_container vc_col-sm-3\"><div class=\"vc_column-inner\"><div class=\"wpb_wrapper\">\n\t<div  class=\"wpb_single_image wpb_content_element vc_align_left wpb_content_element\">\n\t\t\n\t\t<figure class=\"wpb_wrapper vc_figure\">\n\t\t\t<div class=\"vc_single_image-wrapper   vc_box_border_grey\"><img loading=\"lazy\" decoding=\"async\" width=\"800\" height=\"500\" src=\"https:\/\/ipartelecom.com\/wp-content\/uploads\/2023\/05\/renewables.jpg\" class=\"vc_single_image-img attachment-full\" alt=\"\" title=\"renewables\" srcset=\"https:\/\/ipartelecom.com\/wp-content\/uploads\/2023\/05\/renewables.jpg 800w, https:\/\/ipartelecom.com\/wp-content\/uploads\/2023\/05\/renewables-300x188.jpg 300w, https:\/\/ipartelecom.com\/wp-content\/uploads\/2023\/05\/renewables-768x480.jpg 768w, https:\/\/ipartelecom.com\/wp-content\/uploads\/2023\/05\/renewables-18x12.jpg 18w\" sizes=\"auto, (max-width: 800px) 100vw, 800px\" \/><\/div>\n\t\t<\/figure>\n\t<\/div>\n<\/div><\/div><\/div><div class=\"contenido wpb_column vc_column_container vc_col-sm-5 vc_col-sm-offset-1\"><div class=\"vc_column-inner\"><div class=\"wpb_wrapper\">\n\t<div class=\"wpb_text_column wpb_content_element\" >\n\t\t<div class=\"wpb_wrapper\">\n\t\t\t<p id=\"tw-target-text\" class=\"tw-data-text tw-text-large tw-ta\" dir=\"ltr\" data-placeholder=\"Traducci\u00f3n\"><span class=\"Y2IQFc\" lang=\"en\">Solicita el cat\u00e1logo de renovables con los servicios detallados y los \u00faltimos proyectos realizados.<\/span><\/p>\n\n\t\t<\/div>\n\t<\/div>\n\n<div class=\"wpcf7 no-js\" id=\"wpcf7-f178-o1\" lang=\"es-ES\" dir=\"ltr\" data-wpcf7-id=\"178\">\n<div class=\"screen-reader-response\"><p role=\"status\" aria-live=\"polite\" aria-atomic=\"true\"><\/p> <ul><\/ul><\/div>\n<form action=\"\/es\/wp-json\/wp\/v2\/pages\/25#wpcf7-f178-o1\" method=\"post\" class=\"wpcf7-form init\" aria-label=\"Formulario de contacto\" novalidate=\"novalidate\" data-status=\"init\" data-trp-original-action=\"\/es\/wp-json\/wp\/v2\/pages\/25#wpcf7-f178-o1\">\n<fieldset class=\"hidden-fields-container\"><input type=\"hidden\" name=\"_wpcf7\" value=\"178\" \/><input type=\"hidden\" name=\"_wpcf7_version\" value=\"6.1.5\" \/><input type=\"hidden\" name=\"_wpcf7_locale\" value=\"es_ES\" \/><input type=\"hidden\" name=\"_wpcf7_unit_tag\" value=\"wpcf7-f178-o1\" \/><input type=\"hidden\" name=\"_wpcf7_container_post\" value=\"0\" \/><input type=\"hidden\" name=\"_wpcf7_posted_data_hash\" value=\"\" \/>\n<\/fieldset>\n<div id=\"contact-name-2\">\n\t<p><span class=\"wpcf7-form-control-wrap\" data-name=\"your-name\"><input size=\"40\" maxlength=\"400\" class=\"wpcf7-form-control wpcf7-text wpcf7-validates-as-required\" aria-required=\"true\" aria-invalid=\"false\" placeholder=\"Nombre\" value=\"\" type=\"text\" name=\"your-name\" \/><\/span>\n\t<\/p>\n<\/div>\n<div id=\"contact-mail-2\">\n\t<p><span class=\"wpcf7-form-control-wrap\" data-name=\"your-email\"><input size=\"40\" maxlength=\"400\" class=\"wpcf7-form-control wpcf7-email wpcf7-validates-as-required wpcf7-text wpcf7-validates-as-email\" aria-required=\"true\" aria-invalid=\"false\" placeholder=\"email\" value=\"\" type=\"email\" name=\"your-email\" \/><\/span>\n\t<\/p>\n<\/div>\n<div id=\"acceptance\">\n\t<p><span class=\"wpcf7-form-control-wrap\" data-name=\"acceptance-365\"><span class=\"wpcf7-form-control wpcf7-acceptance\"><span class=\"wpcf7-list-item\"><input type=\"checkbox\" name=\"acceptance-365\" value=\"1\" aria-invalid=\"false\" \/><\/span><\/span><\/span> He le\u00eddo y acepto el aviso legal y la pol\u00edtica de privacidad.\n\t<\/p>\n<\/div>\n<p><span id=\"enviar-catalog\"><input class=\"wpcf7-form-control wpcf7-submit has-spinner\" type=\"submit\" value=\"Solicitar cat\u00e1logo\" \/><\/span>\n<\/p><div class=\"wpcf7-response-output\" aria-hidden=\"true\"><\/div>\n<input type=\"hidden\" name=\"trp-form-language\" value=\"es\"\/><\/form>\n<\/div>\n<\/div><\/div><\/div><\/div><div id=\"renebot\" class=\"vc_row wpb_row vc_row-fluid fullwidth bottom\"><div class=\"wpb_column vc_column_container vc_col-sm-12\"><div class=\"vc_column-inner\"><div class=\"wpb_wrapper\">\n\t<div class=\"wpb_text_column wpb_content_element\" >\n\t\t<div class=\"wpb_wrapper\">\n\t\t\t<h1>Renovables<\/h1>\n\n\t\t<\/div>\n\t<\/div>\n<\/div><\/div><\/div><\/div>\n<\/div>","protected":false},"excerpt":{"rendered":"Renewables PHOTOVOLTAIC -Design and engineering, structural calculations. -EPC -Installation commissioning, auditing and maintenance of self-consumption systems with and without discharge to the network. -Monitoring systems. WIND -Design and engineering -Mini wind systems for remote telecommunications infrastructures. -Modular systems for buildings. ELECTRIC MOBILITY -Design and engineering -Installations and maintenance of slow, medium and fast charging systems; [...]","protected":false},"author":1,"featured_media":0,"parent":0,"menu_order":0,"comment_status":"closed","ping_status":"closed","template":"","meta":{"footnotes":""},"class_list":["post-25","page","type-page","status-publish","hentry"],"_links":{"self":[{"href":"https:\/\/ipartelecom.com\/es\/wp-json\/wp\/v2\/pages\/25","targetHints":{"allow":["GET"]}}],"collection":[{"href":"https:\/\/ipartelecom.com\/es\/wp-json\/wp\/v2\/pages"}],"about":[{"href":"https:\/\/ipartelecom.com\/es\/wp-json\/wp\/v2\/types\/page"}],"author":[{"embeddable":true,"href":"https:\/\/ipartelecom.com\/es\/wp-json\/wp\/v2\/users\/1"}],"replies":[{"embeddable":true,"href":"https:\/\/ipartelecom.com\/es\/wp-json\/wp\/v2\/comments?post=25"}],"version-history":[{"count":15,"href":"https:\/\/ipartelecom.com\/es\/wp-json\/wp\/v2\/pages\/25\/revisions"}],"predecessor-version":[{"id":242,"href":"https:\/\/ipartelecom.com\/es\/wp-json\/wp\/v2\/pages\/25\/revisions\/242"}],"wp:attachment":[{"href":"https:\/\/ipartelecom.com\/es\/wp-json\/wp\/v2\/media?parent=25"}],"curies":[{"name":"wp","href":"https:\/\/api.w.org\/{rel}","templated":true}]}}