{"id":23,"date":"2022-11-14T09:39:01","date_gmt":"2022-11-14T09:39:01","guid":{"rendered":"https:\/\/ipartelecom.com\/?page_id=23"},"modified":"2023-05-22T13:38:27","modified_gmt":"2023-05-22T13:38:27","slug":"infrastructures","status":"publish","type":"page","link":"https:\/\/ipartelecom.com\/es\/infrastructures\/","title":{"rendered":"Infraestructuras"},"content":{"rendered":"<div class=\"wpb-content-wrapper\"><div class=\"vc_row wpb_row vc_row-fluid\"><div class=\"wpb_column vc_column_container vc_col-sm-12\"><div class=\"vc_column-inner\"><div class=\"wpb_wrapper\">\n\t<div class=\"wpb_text_column wpb_content_element\" >\n\t\t<div class=\"wpb_wrapper\">\n\t\t\t<h1>Infraestructuras<\/h1>\n\n\t\t<\/div>\n\t<\/div>\n\n\t<div class=\"wpb_text_column wpb_content_element subrayado\" >\n\t\t<div class=\"wpb_wrapper\">\n\t\t\t\n\t\t<\/div>\n\t<\/div>\n<\/div><\/div><\/div><\/div><div class=\"vc_row wpb_row vc_row-fluid wireless vc_row-o-content-middle vc_row-flex\"><div class=\"contenido wpb_column vc_column_container vc_col-sm-5\"><div class=\"vc_column-inner\"><div class=\"wpb_wrapper\">\n\t<div class=\"wpb_text_column wpb_content_element\" >\n\t\t<div class=\"wpb_wrapper\">\n\t\t\t<h3>ENERG\u00cdA<\/h3>\n<p>-CORRIENTE ALTERNA Instalaciones en B.T., L\u00edneas A\u00e9reas y Subterr\u00e1neas, Cuadros El\u00e9ctricos y Automatismo, Sistemas SAI, Grupos Electr\u00f3genos. Auditoria y termograf\u00eda.<\/p>\n<p>-CORRIENTE CONTINUA Equipos de Fuerza, Rectificadores y Conversores, Bater\u00edas de Litio y AGM. Auditoria y termograf\u00eda.<\/p>\n<h3>ESTRUCTURAS Y TORRES<\/h3>\n<p>-Ingenier\u00eda, dise\u00f1os a medida y c\u00e1lculos estructurales<\/p>\n<p>-Digitalizaci\u00f3n de torres<\/p>\n<p>-Instalaci\u00f3n y desmontaje torres<\/p>\n<p>-M\u00e1stiles anclados, auto soportados y mimetizaciones.<\/p>\n<p>-Soportes, plataformas de trabajo y pasarelas a medida<\/p>\n<p>-Bandejas y pates para cables<\/p>\n<p>-Auditoria y refuerzos<\/p>\n\n\t\t<\/div>\n\t<\/div>\n<\/div><\/div><\/div><div class=\"wpb_column vc_column_container vc_col-sm-5 vc_col-lg-offset-1 vc_col-lg-5\"><div class=\"vc_column-inner\"><div class=\"wpb_wrapper\">\n\t<div  class=\"wpb_single_image wpb_content_element vc_align_left wpb_content_element\">\n\t\t\n\t\t<figure class=\"wpb_wrapper vc_figure\">\n\t\t\t<div class=\"vc_single_image-wrapper   vc_box_border_grey\"><img loading=\"lazy\" decoding=\"async\" width=\"1246\" height=\"1122\" src=\"https:\/\/ipartelecom.com\/wp-content\/uploads\/2022\/11\/overloaddistributionpowertransformerc4dmodel003-1.jpg\" class=\"vc_single_image-img attachment-full\" alt=\"\" title=\"overloaddistributionpowertransformerc4dmodel003\" srcset=\"https:\/\/ipartelecom.com\/wp-content\/uploads\/2022\/11\/overloaddistributionpowertransformerc4dmodel003-1.jpg 1246w, https:\/\/ipartelecom.com\/wp-content\/uploads\/2022\/11\/overloaddistributionpowertransformerc4dmodel003-1-300x270.jpg 300w, https:\/\/ipartelecom.com\/wp-content\/uploads\/2022\/11\/overloaddistributionpowertransformerc4dmodel003-1-1024x922.jpg 1024w, https:\/\/ipartelecom.com\/wp-content\/uploads\/2022\/11\/overloaddistributionpowertransformerc4dmodel003-1-768x692.jpg 768w, https:\/\/ipartelecom.com\/wp-content\/uploads\/2022\/11\/overloaddistributionpowertransformerc4dmodel003-1-13x12.jpg 13w\" sizes=\"auto, (max-width: 1246px) 100vw, 1246px\" \/><\/div>\n\t\t<\/figure>\n\t<\/div>\n<\/div><\/div><\/div><\/div><div class=\"vc_row wpb_row vc_row-fluid\"><div class=\"wpb_column vc_column_container vc_col-sm-4\"><div class=\"vc_column-inner\"><div class=\"wpb_wrapper\">\n\t<div  class=\"wpb_single_image wpb_content_element vc_align_left wpb_content_element\">\n\t\t\n\t\t<figure class=\"wpb_wrapper vc_figure\">\n\t\t\t<div class=\"vc_single_image-wrapper   vc_box_border_grey\"><img loading=\"lazy\" decoding=\"async\" width=\"800\" height=\"600\" src=\"https:\/\/ipartelecom.com\/wp-content\/uploads\/2023\/05\/ipar_transformador.jpg\" class=\"vc_single_image-img attachment-full\" alt=\"\" title=\"ipar_transformador\" srcset=\"https:\/\/ipartelecom.com\/wp-content\/uploads\/2023\/05\/ipar_transformador.jpg 800w, https:\/\/ipartelecom.com\/wp-content\/uploads\/2023\/05\/ipar_transformador-300x225.jpg 300w, https:\/\/ipartelecom.com\/wp-content\/uploads\/2023\/05\/ipar_transformador-768x576.jpg 768w, https:\/\/ipartelecom.com\/wp-content\/uploads\/2023\/05\/ipar_transformador-16x12.jpg 16w\" sizes=\"auto, (max-width: 800px) 100vw, 800px\" \/><\/div>\n\t\t<\/figure>\n\t<\/div>\n<\/div><\/div><\/div><div class=\"wpb_column vc_column_container vc_col-sm-4\"><div class=\"vc_column-inner\"><div class=\"wpb_wrapper\">\n\t<div  class=\"wpb_single_image wpb_content_element vc_align_left wpb_content_element\">\n\t\t\n\t\t<figure class=\"wpb_wrapper vc_figure\">\n\t\t\t<div class=\"vc_single_image-wrapper   vc_box_border_grey\"><img loading=\"lazy\" decoding=\"async\" width=\"800\" height=\"600\" src=\"https:\/\/ipartelecom.com\/wp-content\/uploads\/2023\/05\/ipar_ordenador.jpg\" class=\"vc_single_image-img attachment-full\" alt=\"\" title=\"ipar_ordenador\" srcset=\"https:\/\/ipartelecom.com\/wp-content\/uploads\/2023\/05\/ipar_ordenador.jpg 800w, https:\/\/ipartelecom.com\/wp-content\/uploads\/2023\/05\/ipar_ordenador-300x225.jpg 300w, https:\/\/ipartelecom.com\/wp-content\/uploads\/2023\/05\/ipar_ordenador-768x576.jpg 768w, https:\/\/ipartelecom.com\/wp-content\/uploads\/2023\/05\/ipar_ordenador-16x12.jpg 16w\" sizes=\"auto, (max-width: 800px) 100vw, 800px\" \/><\/div>\n\t\t<\/figure>\n\t<\/div>\n<\/div><\/div><\/div><div class=\"wpb_column vc_column_container vc_col-sm-4\"><div class=\"vc_column-inner\"><div class=\"wpb_wrapper\">\n\t<div  class=\"wpb_single_image wpb_content_element vc_align_left wpb_content_element\">\n\t\t\n\t\t<figure class=\"wpb_wrapper vc_figure\">\n\t\t\t<div class=\"vc_single_image-wrapper   vc_box_border_grey\"><img loading=\"lazy\" decoding=\"async\" width=\"800\" height=\"600\" src=\"https:\/\/ipartelecom.com\/wp-content\/uploads\/2023\/05\/ipar_infraestructure.jpg\" class=\"vc_single_image-img attachment-full\" alt=\"\" title=\"ipar_infraestructure\" srcset=\"https:\/\/ipartelecom.com\/wp-content\/uploads\/2023\/05\/ipar_infraestructure.jpg 800w, https:\/\/ipartelecom.com\/wp-content\/uploads\/2023\/05\/ipar_infraestructure-300x225.jpg 300w, https:\/\/ipartelecom.com\/wp-content\/uploads\/2023\/05\/ipar_infraestructure-768x576.jpg 768w, https:\/\/ipartelecom.com\/wp-content\/uploads\/2023\/05\/ipar_infraestructure-16x12.jpg 16w\" sizes=\"auto, (max-width: 800px) 100vw, 800px\" \/><\/div>\n\t\t<\/figure>\n\t<\/div>\n<\/div><\/div><\/div><\/div><div class=\"vc_row wpb_row vc_row-fluid\"><div class=\"wpb_column vc_column_container vc_col-sm-5\"><div class=\"vc_column-inner\"><div class=\"wpb_wrapper\">\n\t<div class=\"wpb_text_column wpb_content_element\" >\n\t\t<div class=\"wpb_wrapper\">\n\t\t\t<h3>SALAS TECNICAS PROCESO DE DATOS<\/h3>\n<p>-Habilitaci\u00f3n de salas t\u00e9cnicas, aseguramiento del servicio, eficiencia y escalabilidad.<\/p>\n<p>-Casetas intemperie para estaciones rurales y urbanas<\/p>\n<p>-Sistemas de telecontrol supervisi\u00f3n monitorizaci\u00f3n y eficiencia<\/p>\n\n\t\t<\/div>\n\t<\/div>\n<\/div><\/div><\/div><div class=\"wpb_column vc_column_container vc_col-sm-5 vc_col-lg-offset-1 vc_col-lg-5\"><div class=\"vc_column-inner\"><div class=\"wpb_wrapper\">\n\t<div class=\"wpb_text_column wpb_content_element\" >\n\t\t<div class=\"wpb_wrapper\">\n\t\t\t<h3>CLIMA<\/h3>\n<p>-Ingenier\u00eda, auditor\u00eda, dise\u00f1o de proyectos de eficiencia energ\u00e9tica, control de calidad.<\/p>\n<p>-Instalaci\u00f3n puesta en marcha, mantenimiento preventivo, correctivo, predictivo y conductivo de sistemas VRV, A\/A, aerotermia, free cooling.<\/p>\n<p>-Sistemas de monitorizaci\u00f3n y eficiencia.<\/p>\n\n\t\t<\/div>\n\t<\/div>\n<\/div><\/div><\/div><\/div><div class=\"vc_row wpb_row vc_row-fluid\"><div class=\"wpb_column vc_column_container vc_col-sm-12\"><div class=\"vc_column-inner\"><div class=\"wpb_wrapper\">\n\t<div class=\"wpb_text_column wpb_content_element subrayado\" >\n\t\t<div class=\"wpb_wrapper\">\n\t\t\t<h2>Cat\u00e1logo<\/h2>\n\n\t\t<\/div>\n\t<\/div>\n<\/div><\/div><\/div><\/div><div class=\"vc_row wpb_row vc_row-fluid fixed vc_row-o-content-middle vc_row-flex\"><div class=\"wpb_column vc_column_container vc_col-sm-3\"><div class=\"vc_column-inner\"><div class=\"wpb_wrapper\">\n\t<div  class=\"wpb_single_image wpb_content_element vc_align_left wpb_content_element\">\n\t\t\n\t\t<figure class=\"wpb_wrapper vc_figure\">\n\t\t\t<div class=\"vc_single_image-wrapper   vc_box_border_grey\"><img loading=\"lazy\" decoding=\"async\" width=\"800\" height=\"500\" src=\"https:\/\/ipartelecom.com\/wp-content\/uploads\/2023\/05\/infrastructures.jpg\" class=\"vc_single_image-img attachment-full\" alt=\"\" title=\"infrastructures\" srcset=\"https:\/\/ipartelecom.com\/wp-content\/uploads\/2023\/05\/infrastructures.jpg 800w, https:\/\/ipartelecom.com\/wp-content\/uploads\/2023\/05\/infrastructures-300x188.jpg 300w, https:\/\/ipartelecom.com\/wp-content\/uploads\/2023\/05\/infrastructures-768x480.jpg 768w, https:\/\/ipartelecom.com\/wp-content\/uploads\/2023\/05\/infrastructures-18x12.jpg 18w\" sizes=\"auto, (max-width: 800px) 100vw, 800px\" \/><\/div>\n\t\t<\/figure>\n\t<\/div>\n<\/div><\/div><\/div><div class=\"contenido wpb_column vc_column_container vc_col-sm-5 vc_col-sm-offset-1\"><div class=\"vc_column-inner\"><div class=\"wpb_wrapper\">\n\t<div class=\"wpb_text_column wpb_content_element\" >\n\t\t<div class=\"wpb_wrapper\">\n\t\t\t<p id=\"tw-target-text\" class=\"tw-data-text tw-text-large tw-ta\" dir=\"ltr\" data-placeholder=\"Traducci\u00f3n\"><span class=\"Y2IQFc\" lang=\"en\">Solicita el cat\u00e1logo de infrastructures con los servicios detallados y los \u00faltimos proyectos realizados.<\/span><\/p>\n\n\t\t<\/div>\n\t<\/div>\n\n<div class=\"wpcf7 no-js\" id=\"wpcf7-f178-o1\" lang=\"es-ES\" dir=\"ltr\" data-wpcf7-id=\"178\">\n<div class=\"screen-reader-response\"><p role=\"status\" aria-live=\"polite\" aria-atomic=\"true\"><\/p> <ul><\/ul><\/div>\n<form action=\"\/es\/wp-json\/wp\/v2\/pages\/23#wpcf7-f178-o1\" method=\"post\" class=\"wpcf7-form init\" aria-label=\"Formulario de contacto\" novalidate=\"novalidate\" data-status=\"init\" data-trp-original-action=\"\/es\/wp-json\/wp\/v2\/pages\/23#wpcf7-f178-o1\">\n<fieldset class=\"hidden-fields-container\"><input type=\"hidden\" name=\"_wpcf7\" value=\"178\" \/><input type=\"hidden\" name=\"_wpcf7_version\" value=\"6.1.5\" \/><input type=\"hidden\" name=\"_wpcf7_locale\" value=\"es_ES\" \/><input type=\"hidden\" name=\"_wpcf7_unit_tag\" value=\"wpcf7-f178-o1\" \/><input type=\"hidden\" name=\"_wpcf7_container_post\" value=\"0\" \/><input type=\"hidden\" name=\"_wpcf7_posted_data_hash\" value=\"\" \/>\n<\/fieldset>\n<div id=\"contact-name-2\">\n\t<p><span class=\"wpcf7-form-control-wrap\" data-name=\"your-name\"><input size=\"40\" maxlength=\"400\" class=\"wpcf7-form-control wpcf7-text wpcf7-validates-as-required\" aria-required=\"true\" aria-invalid=\"false\" placeholder=\"Nombre\" value=\"\" type=\"text\" name=\"your-name\" \/><\/span>\n\t<\/p>\n<\/div>\n<div id=\"contact-mail-2\">\n\t<p><span class=\"wpcf7-form-control-wrap\" data-name=\"your-email\"><input size=\"40\" maxlength=\"400\" class=\"wpcf7-form-control wpcf7-email wpcf7-validates-as-required wpcf7-text wpcf7-validates-as-email\" aria-required=\"true\" aria-invalid=\"false\" placeholder=\"email\" value=\"\" type=\"email\" name=\"your-email\" \/><\/span>\n\t<\/p>\n<\/div>\n<div id=\"acceptance\">\n\t<p><span class=\"wpcf7-form-control-wrap\" data-name=\"acceptance-365\"><span class=\"wpcf7-form-control wpcf7-acceptance\"><span class=\"wpcf7-list-item\"><input type=\"checkbox\" name=\"acceptance-365\" value=\"1\" aria-invalid=\"false\" \/><\/span><\/span><\/span> He le\u00eddo y acepto el aviso legal y la pol\u00edtica de privacidad.\n\t<\/p>\n<\/div>\n<p><span id=\"enviar-catalog\"><input class=\"wpcf7-form-control wpcf7-submit has-spinner\" type=\"submit\" value=\"Solicitar cat\u00e1logo\" \/><\/span>\n<\/p><div class=\"wpcf7-response-output\" aria-hidden=\"true\"><\/div>\n<input type=\"hidden\" name=\"trp-form-language\" value=\"es\"\/><\/form>\n<\/div>\n<\/div><\/div><\/div><\/div><div id=\"infrabot\" class=\"vc_row wpb_row vc_row-fluid fullwidth bottom\"><div class=\"wpb_column vc_column_container vc_col-sm-12\"><div class=\"vc_column-inner\"><div class=\"wpb_wrapper\">\n\t<div class=\"wpb_text_column wpb_content_element\" >\n\t\t<div class=\"wpb_wrapper\">\n\t\t\t<h1>Infraestructuras<\/h1>\n\n\t\t<\/div>\n\t<\/div>\n<\/div><\/div><\/div><\/div>\n<\/div>","protected":false},"excerpt":{"rendered":"Infrastructures ENERGY -ALTERNATING CURRENT Installations in L.V., Overhead and Underground Lines, Electrical Panels and Automation, UPS Systems, Power Generators. Auditory and Thermography. -DIRECT CURRENT Power Systems, Rectifiers and Converters, Lithium and AGM Batteries. Auditory and Thermography. STRUCTURES AND TOWERS -Custom designs and structural calculations -Digitalization of towers -Lattice towers installation and decommissioning -Anchored and self-supporting [...]","protected":false},"author":1,"featured_media":0,"parent":0,"menu_order":0,"comment_status":"closed","ping_status":"closed","template":"","meta":{"footnotes":""},"class_list":["post-23","page","type-page","status-publish","hentry"],"_links":{"self":[{"href":"https:\/\/ipartelecom.com\/es\/wp-json\/wp\/v2\/pages\/23","targetHints":{"allow":["GET"]}}],"collection":[{"href":"https:\/\/ipartelecom.com\/es\/wp-json\/wp\/v2\/pages"}],"about":[{"href":"https:\/\/ipartelecom.com\/es\/wp-json\/wp\/v2\/types\/page"}],"author":[{"embeddable":true,"href":"https:\/\/ipartelecom.com\/es\/wp-json\/wp\/v2\/users\/1"}],"replies":[{"embeddable":true,"href":"https:\/\/ipartelecom.com\/es\/wp-json\/wp\/v2\/comments?post=23"}],"version-history":[{"count":27,"href":"https:\/\/ipartelecom.com\/es\/wp-json\/wp\/v2\/pages\/23\/revisions"}],"predecessor-version":[{"id":243,"href":"https:\/\/ipartelecom.com\/es\/wp-json\/wp\/v2\/pages\/23\/revisions\/243"}],"wp:attachment":[{"href":"https:\/\/ipartelecom.com\/es\/wp-json\/wp\/v2\/media?parent=23"}],"curies":[{"name":"wp","href":"https:\/\/api.w.org\/{rel}","templated":true}]}}