{"id":21,"date":"2022-11-14T09:38:47","date_gmt":"2022-11-14T09:38:47","guid":{"rendered":"https:\/\/ipartelecom.com\/?page_id=21"},"modified":"2023-06-05T07:51:43","modified_gmt":"2023-06-05T07:51:43","slug":"telecoms","status":"publish","type":"page","link":"https:\/\/ipartelecom.com\/es\/telecoms\/","title":{"rendered":"Telecomunicaciones"},"content":{"rendered":"<div class=\"wpb-content-wrapper\"><div class=\"vc_row wpb_row vc_row-fluid\"><div class=\"wpb_column vc_column_container vc_col-sm-12\"><div class=\"vc_column-inner\"><div class=\"wpb_wrapper\">\n\t<div class=\"wpb_text_column wpb_content_element\" >\n\t\t<div class=\"wpb_wrapper\">\n\t\t\t<h1>Telecomunicaciones<\/h1>\n\n\t\t<\/div>\n\t<\/div>\n<\/div><\/div><\/div><\/div><div class=\"vc_row wpb_row vc_row-fluid\"><div class=\"wpb_column vc_column_container vc_col-sm-12\"><div class=\"vc_column-inner\"><div class=\"wpb_wrapper\">\n\t<div class=\"wpb_text_column wpb_content_element subrayado\" >\n\t\t<div class=\"wpb_wrapper\">\n\t\t\t<h2>SISTEMAS INAL\u00c1MBRICOS<\/h2>\n\n\t\t<\/div>\n\t<\/div>\n<\/div><\/div><\/div><\/div><div class=\"vc_row wpb_row vc_row-fluid wireless\"><div class=\"images wpb_column vc_column_container vc_col-sm-4\"><div class=\"vc_column-inner\"><div class=\"wpb_wrapper\">\n\t<div  class=\"wpb_single_image wpb_content_element vc_align_left wpb_content_element\">\n\t\t\n\t\t<figure class=\"wpb_wrapper vc_figure\">\n\t\t\t<div class=\"vc_single_image-wrapper   vc_box_border_grey\"><img loading=\"lazy\" decoding=\"async\" width=\"1000\" height=\"750\" src=\"https:\/\/ipartelecom.com\/wp-content\/uploads\/2023\/05\/ipar_telecom.jpg\" class=\"vc_single_image-img attachment-full\" alt=\"\" title=\"ipar_telecom\" srcset=\"https:\/\/ipartelecom.com\/wp-content\/uploads\/2023\/05\/ipar_telecom.jpg 1000w, https:\/\/ipartelecom.com\/wp-content\/uploads\/2023\/05\/ipar_telecom-300x225.jpg 300w, https:\/\/ipartelecom.com\/wp-content\/uploads\/2023\/05\/ipar_telecom-768x576.jpg 768w, https:\/\/ipartelecom.com\/wp-content\/uploads\/2023\/05\/ipar_telecom-16x12.jpg 16w\" sizes=\"auto, (max-width: 1000px) 100vw, 1000px\" \/><\/div>\n\t\t<\/figure>\n\t<\/div>\n\n\t<div  class=\"wpb_single_image wpb_content_element vc_align_left wpb_content_element\">\n\t\t\n\t\t<figure class=\"wpb_wrapper vc_figure\">\n\t\t\t<div class=\"vc_single_image-wrapper   vc_box_border_grey\"><img loading=\"lazy\" decoding=\"async\" width=\"1000\" height=\"750\" src=\"https:\/\/ipartelecom.com\/wp-content\/uploads\/2023\/05\/ipar_grafica.jpg\" class=\"vc_single_image-img attachment-full\" alt=\"\" title=\"ipar_grafica\" srcset=\"https:\/\/ipartelecom.com\/wp-content\/uploads\/2023\/05\/ipar_grafica.jpg 1000w, https:\/\/ipartelecom.com\/wp-content\/uploads\/2023\/05\/ipar_grafica-300x225.jpg 300w, https:\/\/ipartelecom.com\/wp-content\/uploads\/2023\/05\/ipar_grafica-768x576.jpg 768w, https:\/\/ipartelecom.com\/wp-content\/uploads\/2023\/05\/ipar_grafica-16x12.jpg 16w\" sizes=\"auto, (max-width: 1000px) 100vw, 1000px\" \/><\/div>\n\t\t<\/figure>\n\t<\/div>\n\n\t<div id=\"planocuadrado\" class=\"wpb_single_image wpb_content_element vc_align_left wpb_content_element\">\n\t\t\n\t\t<figure class=\"wpb_wrapper vc_figure\">\n\t\t\t<div class=\"vc_single_image-wrapper   vc_box_border_grey\"><img loading=\"lazy\" decoding=\"async\" width=\"1078\" height=\"807\" src=\"https:\/\/ipartelecom.com\/wp-content\/uploads\/2023\/06\/plano2.jpg\" class=\"vc_single_image-img attachment-full\" alt=\"\" title=\"plano2\" srcset=\"https:\/\/ipartelecom.com\/wp-content\/uploads\/2023\/06\/plano2.jpg 1078w, https:\/\/ipartelecom.com\/wp-content\/uploads\/2023\/06\/plano2-300x225.jpg 300w, https:\/\/ipartelecom.com\/wp-content\/uploads\/2023\/06\/plano2-1024x767.jpg 1024w, https:\/\/ipartelecom.com\/wp-content\/uploads\/2023\/06\/plano2-768x575.jpg 768w, https:\/\/ipartelecom.com\/wp-content\/uploads\/2023\/06\/plano2-16x12.jpg 16w\" sizes=\"auto, (max-width: 1078px) 100vw, 1078px\" \/><\/div>\n\t\t<\/figure>\n\t<\/div>\n<\/div><\/div><\/div><div class=\"contenido wpb_column vc_column_container vc_col-sm-5\"><div class=\"vc_column-inner\"><div class=\"wpb_wrapper\">\n\t<div class=\"wpb_text_column wpb_content_element\" >\n\t\t<div class=\"wpb_wrapper\">\n\t\t\t<h3>RADIOENLACES BANDA LICENCIADA<\/h3>\n<p>-Ingenier\u00eda y dise\u00f1o<\/p>\n<p>-L\u00edneas de vista viabilidades<\/p>\n<p>-Nuevos despliegues y evoluci\u00f3n de equipamiento y capacidad<\/p>\n<p>-Auditoria y mantenimiento<\/p>\n<p>-Laboratorio y almacenamiento<\/p>\n<p>-Sistemas anti hielo<\/p>\n<h3>COMUNICACIONES CRITICAS<\/h3>\n<p>-Ingenier\u00eda y dise\u00f1o<\/p>\n<p>-Despliegue, Migraci\u00f3n y Mantenimiento sistemas TETRA, DMR, PMR, Telemetr\u00eda y Telecontrol<\/p>\n<p>-Optimizaci\u00f3n y detecci\u00f3n de interferencias<\/p>\n<h3>TELEFON\u00cdA<\/h3>\n<p>-Ingenier\u00eda y dise\u00f1o<\/p>\n<p>-Despliegue, Migraci\u00f3n y Mantenimiento Nodos GSM, UMTS, LTE, 5G<\/p>\n<p>-Dise\u00f1os Especiales Metro, Estadios, T\u00faneles In Building<\/p>\n<p>-Optimizaci\u00f3n, Detecci\u00f3n Interferencias Externas y PIM<\/p>\n<h3>BROADCAST<\/h3>\n<p>-Ingenier\u00eda y dise\u00f1o<\/p>\n<p>-Despliegue, Migraci\u00f3n y Mantenimiento Transmisores y Gap filler TDT<\/p>\n<p>-Sistemas Radiantes UHF, Recepci\u00f3n Satelite  DVB-S, Gap filer, Conversores IP-ASI, GPS.<\/p>\n<p>-Ajuste de Filtros y Multiplexores UHF<\/p>\n<p>-Optimizaci\u00f3n, aislamiento entre antenas, ajuste de retardos e interferencias<\/p>\n<h3>SOLUCIONES IOT<\/h3>\n<p>-Industry 4.0 M2M<\/p>\n<p>-LPWAN<\/p>\n<p>-IOT 5G<\/p>\n<p>-Edge Computing.<\/p>\n\n\t\t<\/div>\n\t<\/div>\n<\/div><\/div><\/div><div class=\"antenna wpb_column vc_column_container vc_col-sm-3 vc_col-lg-3\"><div class=\"vc_column-inner\"><div class=\"wpb_wrapper\">\n\t<div  class=\"wpb_single_image wpb_content_element vc_align_left wpb_content_element\">\n\t\t\n\t\t<figure class=\"wpb_wrapper vc_figure\">\n\t\t\t<div class=\"vc_single_image-wrapper   vc_box_border_grey\"><img loading=\"lazy\" decoding=\"async\" width=\"633\" height=\"2560\" src=\"https:\/\/ipartelecom.com\/wp-content\/uploads\/2022\/11\/Antenna-scaled.jpg\" class=\"vc_single_image-img attachment-full\" alt=\"\" title=\"Antenna\" srcset=\"https:\/\/ipartelecom.com\/wp-content\/uploads\/2022\/11\/Antenna-scaled.jpg 633w, https:\/\/ipartelecom.com\/wp-content\/uploads\/2022\/11\/Antenna-74x300.jpg 74w, https:\/\/ipartelecom.com\/wp-content\/uploads\/2022\/11\/Antenna-253x1024.jpg 253w, https:\/\/ipartelecom.com\/wp-content\/uploads\/2022\/11\/Antenna-380x1536.jpg 380w, https:\/\/ipartelecom.com\/wp-content\/uploads\/2022\/11\/Antenna-3x12.jpg 3w\" sizes=\"auto, (max-width: 633px) 100vw, 633px\" \/><\/div>\n\t\t<\/figure>\n\t<\/div>\n<\/div><\/div><\/div><\/div><div class=\"vc_row wpb_row vc_row-fluid\"><div class=\"wpb_column vc_column_container vc_col-sm-12\"><div class=\"vc_column-inner\"><div class=\"wpb_wrapper\">\n\t<div class=\"wpb_text_column wpb_content_element subrayado\" >\n\t\t<div class=\"wpb_wrapper\">\n\t\t\t<h2>REDES FIJAS<\/h2>\n\n\t\t<\/div>\n\t<\/div>\n<\/div><\/div><\/div><\/div><div class=\"vc_row wpb_row vc_row-fluid fixed\"><div class=\"images wpb_column vc_column_container vc_col-sm-4\"><div class=\"vc_column-inner\"><div class=\"wpb_wrapper\">\n\t<div  class=\"wpb_single_image wpb_content_element vc_align_left wpb_content_element\">\n\t\t\n\t\t<figure class=\"wpb_wrapper vc_figure\">\n\t\t\t<div class=\"vc_single_image-wrapper   vc_box_border_grey\"><img loading=\"lazy\" decoding=\"async\" width=\"800\" height=\"600\" src=\"https:\/\/ipartelecom.com\/wp-content\/uploads\/2023\/05\/servidor.jpg\" class=\"vc_single_image-img attachment-full\" alt=\"\" title=\"servidor\" srcset=\"https:\/\/ipartelecom.com\/wp-content\/uploads\/2023\/05\/servidor.jpg 800w, https:\/\/ipartelecom.com\/wp-content\/uploads\/2023\/05\/servidor-300x225.jpg 300w, https:\/\/ipartelecom.com\/wp-content\/uploads\/2023\/05\/servidor-768x576.jpg 768w, https:\/\/ipartelecom.com\/wp-content\/uploads\/2023\/05\/servidor-16x12.jpg 16w\" sizes=\"auto, (max-width: 800px) 100vw, 800px\" \/><\/div>\n\t\t<\/figure>\n\t<\/div>\n\n\t<div  class=\"wpb_single_image wpb_content_element vc_align_left wpb_content_element\">\n\t\t\n\t\t<figure class=\"wpb_wrapper vc_figure\">\n\t\t\t<div class=\"vc_single_image-wrapper   vc_box_border_grey\"><img loading=\"lazy\" decoding=\"async\" width=\"800\" height=\"600\" src=\"https:\/\/ipartelecom.com\/wp-content\/uploads\/2023\/05\/electronica.jpg\" class=\"vc_single_image-img attachment-full\" alt=\"\" title=\"electronica\" srcset=\"https:\/\/ipartelecom.com\/wp-content\/uploads\/2023\/05\/electronica.jpg 800w, https:\/\/ipartelecom.com\/wp-content\/uploads\/2023\/05\/electronica-300x225.jpg 300w, https:\/\/ipartelecom.com\/wp-content\/uploads\/2023\/05\/electronica-768x576.jpg 768w, https:\/\/ipartelecom.com\/wp-content\/uploads\/2023\/05\/electronica-16x12.jpg 16w\" sizes=\"auto, (max-width: 800px) 100vw, 800px\" \/><\/div>\n\t\t<\/figure>\n\t<\/div>\n<\/div><\/div><\/div><div class=\"contenido wpb_column vc_column_container vc_col-sm-5\"><div class=\"vc_column-inner\"><div class=\"wpb_wrapper\">\n\t<div class=\"wpb_text_column wpb_content_element\" >\n\t\t<div class=\"wpb_wrapper\">\n\t\t\t<h3>EQUIPAMIENTO<\/h3>\n<p>-Ingenier\u00eda y dise\u00f1o<\/p>\n<p>- Despliegue, Migraci\u00f3n y Mantenimiento Equipos MPLS desde el Core a Ultima Milla<\/p>\n<p>-BSC y RNC<\/p>\n<p>-OLT<\/p>\n<p>-Cambio de Topolog\u00edas<\/p>\n<h3>FIBRA \u00d3PTICA<\/h3>\n<p>-Ingenier\u00eda, dise\u00f1o, gesti\u00f3n de permisos, SUC<\/p>\n<p>-Despliegue Llave en Mano Redes FTTx<\/p>\n<p>-Mantenimiento y ampliaciones<\/p>\n<p>-Auditor\u00eda y optimizaci\u00f3n<\/p>\n<h3>TI<\/h3>\n<p>-Infraestructuras con conectividad UTP, Fibra y WIFI<\/p>\n<p>-Auditoria y certificaci\u00f3n de red<\/p>\n<h3>SEGURIDAD<\/h3>\n<p>-Control de accesos y presencia<\/p>\n<p>-Sistemas volum\u00e9tricos<\/p>\n<p>-CCTV<\/p>\n\n\t\t<\/div>\n\t<\/div>\n<\/div><\/div><\/div><\/div><div class=\"vc_row wpb_row vc_row-fluid\"><div class=\"wpb_column vc_column_container vc_col-sm-12\"><div class=\"vc_column-inner\"><div class=\"wpb_wrapper\">\n\t<div class=\"wpb_text_column wpb_content_element subrayado\" >\n\t\t<div class=\"wpb_wrapper\">\n\t\t\t<h2>Cat\u00e1logo<\/h2>\n\n\t\t<\/div>\n\t<\/div>\n<\/div><\/div><\/div><\/div><div class=\"vc_row wpb_row vc_row-fluid fixed vc_row-o-content-middle vc_row-flex\"><div class=\"wpb_column vc_column_container vc_col-sm-3\"><div class=\"vc_column-inner\"><div class=\"wpb_wrapper\">\n\t<div  class=\"wpb_single_image wpb_content_element vc_align_left wpb_content_element\">\n\t\t\n\t\t<figure class=\"wpb_wrapper vc_figure\">\n\t\t\t<div class=\"vc_single_image-wrapper   vc_box_border_grey\"><img loading=\"lazy\" decoding=\"async\" width=\"800\" height=\"500\" src=\"https:\/\/ipartelecom.com\/wp-content\/uploads\/2023\/05\/telecoms.jpg\" class=\"vc_single_image-img attachment-full\" alt=\"\" title=\"telecoms\" srcset=\"https:\/\/ipartelecom.com\/wp-content\/uploads\/2023\/05\/telecoms.jpg 800w, https:\/\/ipartelecom.com\/wp-content\/uploads\/2023\/05\/telecoms-300x188.jpg 300w, https:\/\/ipartelecom.com\/wp-content\/uploads\/2023\/05\/telecoms-768x480.jpg 768w, https:\/\/ipartelecom.com\/wp-content\/uploads\/2023\/05\/telecoms-18x12.jpg 18w\" sizes=\"auto, (max-width: 800px) 100vw, 800px\" \/><\/div>\n\t\t<\/figure>\n\t<\/div>\n<\/div><\/div><\/div><div class=\"contenido wpb_column vc_column_container vc_col-sm-5 vc_col-sm-offset-1\"><div class=\"vc_column-inner\"><div class=\"wpb_wrapper\">\n\t<div class=\"wpb_text_column wpb_content_element\" >\n\t\t<div class=\"wpb_wrapper\">\n\t\t\t<p id=\"tw-target-text\" class=\"tw-data-text tw-text-large tw-ta\" dir=\"ltr\" data-placeholder=\"Traducci\u00f3n\"><span class=\"Y2IQFc\" lang=\"en\">Solicita el cat\u00e1logo de telecomunicaciones con los servicios detallados y los \u00faltimos proyectos realizados.<\/span><\/p>\n\n\t\t<\/div>\n\t<\/div>\n\n<div class=\"wpcf7 no-js\" id=\"wpcf7-f178-o1\" lang=\"es-ES\" dir=\"ltr\" data-wpcf7-id=\"178\">\n<div class=\"screen-reader-response\"><p role=\"status\" aria-live=\"polite\" aria-atomic=\"true\"><\/p> <ul><\/ul><\/div>\n<form action=\"\/es\/wp-json\/wp\/v2\/pages\/21#wpcf7-f178-o1\" method=\"post\" class=\"wpcf7-form init\" aria-label=\"Formulario de contacto\" novalidate=\"novalidate\" data-status=\"init\" data-trp-original-action=\"\/es\/wp-json\/wp\/v2\/pages\/21#wpcf7-f178-o1\">\n<fieldset class=\"hidden-fields-container\"><input type=\"hidden\" name=\"_wpcf7\" value=\"178\" \/><input type=\"hidden\" name=\"_wpcf7_version\" value=\"6.1.5\" \/><input type=\"hidden\" name=\"_wpcf7_locale\" value=\"es_ES\" \/><input type=\"hidden\" name=\"_wpcf7_unit_tag\" value=\"wpcf7-f178-o1\" \/><input type=\"hidden\" name=\"_wpcf7_container_post\" value=\"0\" \/><input type=\"hidden\" name=\"_wpcf7_posted_data_hash\" value=\"\" \/>\n<\/fieldset>\n<div id=\"contact-name-2\">\n\t<p><span class=\"wpcf7-form-control-wrap\" data-name=\"your-name\"><input size=\"40\" maxlength=\"400\" class=\"wpcf7-form-control wpcf7-text wpcf7-validates-as-required\" aria-required=\"true\" aria-invalid=\"false\" placeholder=\"Nombre\" value=\"\" type=\"text\" name=\"your-name\" \/><\/span>\n\t<\/p>\n<\/div>\n<div id=\"contact-mail-2\">\n\t<p><span class=\"wpcf7-form-control-wrap\" data-name=\"your-email\"><input size=\"40\" maxlength=\"400\" class=\"wpcf7-form-control wpcf7-email wpcf7-validates-as-required wpcf7-text wpcf7-validates-as-email\" aria-required=\"true\" aria-invalid=\"false\" placeholder=\"email\" value=\"\" type=\"email\" name=\"your-email\" \/><\/span>\n\t<\/p>\n<\/div>\n<div id=\"acceptance\">\n\t<p><span class=\"wpcf7-form-control-wrap\" data-name=\"acceptance-365\"><span class=\"wpcf7-form-control wpcf7-acceptance\"><span class=\"wpcf7-list-item\"><input type=\"checkbox\" name=\"acceptance-365\" value=\"1\" aria-invalid=\"false\" \/><\/span><\/span><\/span> He le\u00eddo y acepto el aviso legal y la pol\u00edtica de privacidad.\n\t<\/p>\n<\/div>\n<p><span id=\"enviar-catalog\"><input class=\"wpcf7-form-control wpcf7-submit has-spinner\" type=\"submit\" value=\"Solicitar cat\u00e1logo\" \/><\/span>\n<\/p><div class=\"wpcf7-response-output\" aria-hidden=\"true\"><\/div>\n<input type=\"hidden\" name=\"trp-form-language\" value=\"es\"\/><\/form>\n<\/div>\n<\/div><\/div><\/div><\/div><div id=\"telebot\" class=\"vc_row wpb_row vc_row-fluid fullwidth bottom\"><div class=\"wpb_column vc_column_container vc_col-sm-12\"><div class=\"vc_column-inner\"><div class=\"wpb_wrapper\">\n\t<div class=\"wpb_text_column wpb_content_element\" >\n\t\t<div class=\"wpb_wrapper\">\n\t\t\t<h1>Telecomunicaciones<\/h1>\n\n\t\t<\/div>\n\t<\/div>\n<\/div><\/div><\/div><\/div>\n<\/div>","protected":false},"excerpt":{"rendered":"Telecoms WIRELESS SYSTEMS RADIO LINKS LICENSED BAND -Design and engineering -Los Surveys -New deployments and evolution of equipment and capacity -Auditing and Mainteinance -Laboratory and Storage -Anti Icing Systems CRITICAL COMMUNICATIONS -Design and engineering -Deployment, SWAP and FLM for TETRA, DMR, PMR, Telemetry and Telecontrol -Optimizati\u00f3n and Interference Hunting MOBILE -Design and engineering -Deployment, SWAP [...]","protected":false},"author":1,"featured_media":0,"parent":0,"menu_order":0,"comment_status":"closed","ping_status":"closed","template":"","meta":{"footnotes":""},"class_list":["post-21","page","type-page","status-publish","hentry"],"_links":{"self":[{"href":"https:\/\/ipartelecom.com\/es\/wp-json\/wp\/v2\/pages\/21","targetHints":{"allow":["GET"]}}],"collection":[{"href":"https:\/\/ipartelecom.com\/es\/wp-json\/wp\/v2\/pages"}],"about":[{"href":"https:\/\/ipartelecom.com\/es\/wp-json\/wp\/v2\/types\/page"}],"author":[{"embeddable":true,"href":"https:\/\/ipartelecom.com\/es\/wp-json\/wp\/v2\/users\/1"}],"replies":[{"embeddable":true,"href":"https:\/\/ipartelecom.com\/es\/wp-json\/wp\/v2\/comments?post=21"}],"version-history":[{"count":36,"href":"https:\/\/ipartelecom.com\/es\/wp-json\/wp\/v2\/pages\/21\/revisions"}],"predecessor-version":[{"id":279,"href":"https:\/\/ipartelecom.com\/es\/wp-json\/wp\/v2\/pages\/21\/revisions\/279"}],"wp:attachment":[{"href":"https:\/\/ipartelecom.com\/es\/wp-json\/wp\/v2\/media?parent=21"}],"curies":[{"name":"wp","href":"https:\/\/api.w.org\/{rel}","templated":true}]}}