{"id":199,"date":"2022-12-13T15:26:32","date_gmt":"2022-12-13T15:26:32","guid":{"rendered":"https:\/\/ipartelecom.com\/?page_id=199"},"modified":"2022-12-13T15:27:02","modified_gmt":"2022-12-13T15:27:02","slug":"privacy-policy","status":"publish","type":"page","link":"https:\/\/ipartelecom.com\/es\/privacy-policy\/","title":{"rendered":"Privacy Policy"},"content":{"rendered":"<div class=\"wpb-content-wrapper\"><div class=\"vc_row wpb_row vc_row-fluid\"><div class=\"wpb_column vc_column_container vc_col-sm-12\"><div class=\"vc_column-inner\"><div class=\"wpb_wrapper\">\n\t<div class=\"wpb_text_column wpb_content_element\" >\n\t\t<div class=\"wpb_wrapper\">\n\t\t\t<h1 class=\"p2\"><span class=\"s1\"><span class=\"Apple-converted-space\">\u00a0<\/span><\/span><b>POLITICA DE PRIVACIDAD<span class=\"Apple-converted-space\">\u00a0<\/span><\/b><\/h1>\n<p class=\"p3\">IPAR TELECOMUNICACIONES, SL informa sobre su Pol\u00edtica de Privacidad respecto del tratamiento y protecci\u00f3n de los datos de car\u00e1cter personal de los usuarios y clientes que puedan ser recabados por la navegaci\u00f3n o contrataci\u00f3n de servicios a trav\u00e9s del sitio Web.<span class=\"Apple-converted-space\">\u00a0<\/span><\/p>\n<p class=\"p3\">En este sentido, el IPAR TELECOMUNICACIONES, SL garantiza el cumplimiento de la normativa vigente en materia de protecci\u00f3n de datos personales, reflejada en la Ley Org\u00e1nica 3\/2018, de 5 de diciembre, de Protecci\u00f3n de Datos Personales y de Garant\u00eda de Derechos Digitales (<b>LOPDGDD<\/b>). Cumple tambi\u00e9n con el Reglamento (UE) 2016\/679 del Parlamento Europeo y del Consejo de 27 de abril de 2016 relativo a la protecci\u00f3n de las personas f\u00edsicas (<b>RGPD<\/b>).<span class=\"Apple-converted-space\">\u00a0<\/span><\/p>\n<p class=\"p3\">El uso de sitio Web implica la aceptaci\u00f3n de esta Pol\u00edtica de Privacidad, as\u00ed como las condiciones incluidas en el Aviso Legal.<span class=\"Apple-converted-space\">\u00a0<\/span><\/p>\n<p class=\"p4\"><b>DATOS DEL RESPONSABLE DEL TRATAMIENTO:<span class=\"Apple-converted-space\">\u00a0<\/span><\/b><\/p>\n<p class=\"p5\">&#8211; <b>Identidad<\/b>: IPAR TELECOMUNICACIONES, SL <b>CIF\/NIF<\/b>: B31896574<span class=\"Apple-converted-space\">\u00a0<\/span><\/p>\n<p class=\"p5\">&#8211; <b>Direcci\u00f3n<\/b>: Calle Carmen 20 \u2013 3\u00ba (31001) Pamplona &#8211; Navarra<span class=\"Apple-converted-space\">\u00a0<\/span><\/p>\n<p class=\"p3\">&#8211; Correo electr\u00f3nico: <span class=\"s2\">info@ipartelecom.com <\/span><b>Tel\u00e9fono<\/b>: +34948245867<span class=\"Apple-converted-space\">\u00a0<\/span><\/p>\n<p class=\"p4\"><b>TRATAMIENTO DE DATOS PERSONALES:<span class=\"Apple-converted-space\">\u00a0<\/span><\/b><\/p>\n<p class=\"p3\"><b>FINALIDAD CON QUE TRATAMOS LOS DATOS:<span class=\"Apple-converted-space\">\u00a0<\/span><\/b><\/p>\n<p class=\"p3\"><b>1) <\/b>Formulario de contacto u otros canales de contacto y solicitud de informaci\u00f3n.<span class=\"Apple-converted-space\">\u00a0<\/span><\/p>\n<p class=\"p3\">La finalidad de la recogida y tratamiento de los datos personales responde a la necesidad de gestionar y atender las solicitudes de informaci\u00f3n recibidas.<span class=\"Apple-converted-space\">\u00a0<\/span><\/p>\n<p class=\"p3\"><i>Recopilamos: Informaci\u00f3n de car\u00e1cter identificativo y de contacto: Nombre completo; Direcciones de correo electr\u00f3nico. Peticiones y observaciones.<span class=\"Apple-converted-space\">\u00a0<\/span><\/i><\/p>\n<p class=\"p3\"><b>2) <\/b>Tratamiento de datos a trav\u00e9s de cookies al utilizar el sitio Web con la finalidad de realizar an\u00e1lisis y mejoras en la Web y sobre nuestros servicios. Mejorar la estrategia comercial.<span class=\"Apple-converted-space\">\u00a0<\/span><\/p>\n<p class=\"p3\"><i>Recopilamos: Informaci\u00f3n del navegador: Informaci\u00f3n del dispositivo del usuario: IP, Sistema operativo, Identificadores. Informaci\u00f3n de navegaci\u00f3n: registros y p\u00e1ginas visitadas en el portal, preferencias de navegaci\u00f3n.<span class=\"Apple-converted-space\">\u00a0<\/span><\/i><\/p>\n<p class=\"p7\"><b>3) <\/b>La contrataci\u00f3n de los servicios y\/o productos solicitados. Se le solicitar\u00e1n los datos de car\u00e1cter identificativos y bancarios para poder elaborar la oferta econ\u00f3mica o presupuesto de los servicios o productos solicitados, llevar seguimiento del mismo, certificaci\u00f3n, facturaci\u00f3n de los servicios prestados y productos encargados, realizar las transacciones que correspondan para la gesti\u00f3n de cobros y cumplimiento de las obligaciones fiscales derivadas de la relaci\u00f3n comercial.<span class=\"Apple-converted-space\">\u00a0<\/span><\/p>\n<p class=\"p3\"><b>4) <\/b>Demandantes de empleo. Si Usted nos ha remitido su curriculums vitae, IPAR TELECOMUNICACIONES, SL podr\u00e1 revisarlo con el fin de determinar si su perfil encaja en los requerimientos de alg\u00fan puesto vacante la empresa. En tal caso, personal de IPAR TELECOMUNICACIONES, SL se pondr\u00e1 en contacto con Usted para citarle a una entrevista o proceso de selecci\u00f3n. En cualquier caso, IPAR TELECOMUNICACIONES, SL podr\u00e1 conservar sus datos para futuros procesos de selecci\u00f3n.<span class=\"Apple-converted-space\">\u00a0<\/span><\/p>\n<p class=\"p3\"><b>LEGITIMACI\u00d3N:<span class=\"Apple-converted-space\">\u00a0<\/span><\/b><\/p>\n<p class=\"p3\">(1) y (2) La base jur\u00eddica es la aceptaci\u00f3n y consentimiento del interesado: En aquellos casos donde para realizar una solicitud sea necesario cumplimentar un formulario se le requerir\u00e1 su consentimiento expreso con la marcaci\u00f3n de la casilla. Todos nuestros formularios cuentan con el s\u00edmbolo (*) o marca en los datos obligatorios. Si no facilitas esos campos, o no marcas el checkbox de aceptaci\u00f3n de la pol\u00edtica de privacidad, no se permitir\u00e1 el env\u00edo de la informaci\u00f3n o tramitar\u00e1 su petici\u00f3n.<span class=\"Apple-converted-space\">\u00a0<\/span><\/p>\n<p class=\"p3\">(3) La base legal para el tratamiento de sus datos es la aceptaci\u00f3n y cumplimiento de la relaci\u00f3n contractual en el que el interesado es parte o para la aplicaci\u00f3n a petici\u00f3n de este de medidas precontractuales;<span class=\"Apple-converted-space\">\u00a0<\/span><\/p>\n<p class=\"p3\">(4) En el supuesto de la valoraci\u00f3n de su CV, la base que ampara el tratamiento es el inter\u00e9s leg\u00edtimo de IPAR TELECOMUNICACIONES, SL en cubrir puestos de trabajo (que ampara los tratamientos de datos con la finalidad de abrir procesos de selecci\u00f3n y llevar a cabo la valoraci\u00f3n del curriculum de los candidatos que se inscriban) y el consentimiento expreso del candidato en el supuesto de que no exista ning\u00fan proceso de selecci\u00f3n abierto.<\/p>\n<p class=\"p3\"><b>TIEMPO QUE CONSERVAMOS LOS DATOS:<span class=\"Apple-converted-space\">\u00a0<\/span><\/b><\/p>\n<p class=\"p3\">Los datos personales proporcionados se conservar\u00e1n mientras no solicite su supresi\u00f3n o cancelaci\u00f3n y siempre que resulten adecuados, pertinentes y limitados a lo necesario para los fines para los que sean tratados. As\u00ed como para determinar las posibles responsabilidades que se pudieran derivar de dicha finalidad y del tratamiento de los datos. Plazos legalmente establecidos.<span class=\"Apple-converted-space\">\u00a0<\/span><\/p>\n<p class=\"p3\"><b>DESTINATARIOS QUE SE COMUNICAR\u00c1N TUS DATOS:<span class=\"Apple-converted-space\">\u00a0<\/span><\/b><\/p>\n<p class=\"p3\">No se ceden datos a terceros, salvo que sea necesario para la resoluci\u00f3n de la consulta o prestaci\u00f3n de los servicios encargados. As\u00ed como tampoco se realizan transferencias internacionales de datos.<span class=\"Apple-converted-space\">\u00a0<\/span><\/p>\n<p class=\"p3\"><b>DERECHOS DE LOS INTERESADOS:<span class=\"Apple-converted-space\">\u00a0<\/span><\/b><\/p>\n<p class=\"p3\">Cualquier interesado tiene derecho a obtener confirmaci\u00f3n sobre si IPAR TELECOMUNICACIONES, SL est\u00e1 tratando datos personales que les conciernen, o no.<span class=\"Apple-converted-space\">\u00a0<\/span><\/p>\n<p class=\"p3\">Asimismo, tal y como prev\u00e9 el Reglamento General de Protecci\u00f3n de Datos, se le informa que usted tiene los siguientes derechos:<span class=\"Apple-converted-space\">\u00a0<\/span><\/p>\n<ul class=\"ul1\">\n<li class=\"li8\">Acceder a sus datos: Ud. tiene derecho a acceder a sus datos para conocer qu\u00e9 datos personales estamos tratando que le conciernen.<span class=\"Apple-converted-space\">\u00a0<\/span><\/li>\n<li class=\"li8\">Solicitar la rectificaci\u00f3n o supresi\u00f3n de sus datos: En determinadas circunstancias, Ud. tiene derecho a rectificar aquellos datos personales inexactos que le conciernen que sean objeto de tratamiento por nuestra parte o, incluso, a solicitarnos su supresi\u00f3n cuando, entre otros motivos, los datos ya no fueran necesarios para los fines que fueron recogidos.<span class=\"Apple-converted-space\">\u00a0<\/span><\/li>\n<li class=\"li8\">Solicitar la limitaci\u00f3n del tratamiento de sus datos: En determinadas circunstancias, Ud. tendr\u00e1 derecho a solicitarnos la limitaci\u00f3n del tratamiento de sus datos, en cuyo caso le informamos que \u00fanicamente los conservaremos para el ejercicio o defensa de reclamaciones tal y como prev\u00e9 el Reglamento General de Protecci\u00f3n de Datos.<span class=\"Apple-converted-space\">\u00a0<\/span><\/li>\n<li class=\"li8\">A la portabilidad de sus datos: En determinadas circunstancias, Ud. tendr\u00e1 derecho a recibir los datos personales que le incumban, y que nos haya facilitado, en un formato estructurado, de uso com\u00fan y lectura mec\u00e1nica, y a transmitirlos a otro responsable del tratamiento.<span class=\"Apple-converted-space\">\u00a0<\/span><\/li>\n<li class=\"li3\">Oponerse al tratamiento de sus datos: En determinadas circunstancias y por motivos relacionados con su situaci\u00f3n particular, Ud. tendr\u00e1 derecho a oponerse al tratamiento de sus datos en cuyo caso, dejar\u00edamos de tratarlos salvo que, por motivos leg\u00edtimos imperiosos, o el ejercicio o la defensa de posibles reclamaciones.<span class=\"Apple-converted-space\">\u00a0<\/span><\/li>\n<\/ul>\n<p class=\"p3\">Responderemos a sus peticiones a la mayor brevedad posible y, en todo caso, en el plazo de un mes desde la recepci\u00f3n de su solicitud. Dicho plazo podr\u00e1 prorrogarse otros dos meses en caso necesario, teniendo en cuenta la complejidad y el n\u00famero de solicitudes. El responsable informar\u00e1 al interesado de la pr\u00f3rroga dentro del primer mes desde la solicitud.<span class=\"Apple-converted-space\">\u00a0<\/span><\/p>\n<p class=\"p3\">El interesado tiene derecho a retirar el consentimiento en cualquier momento, sin que ello afecte a la licitud del tratamiento basado en el consentimiento previo a su retirada.<span class=\"Apple-converted-space\">\u00a0<\/span><\/p>\n<p class=\"p3\">Para el ejercicio de los derechos reconocidos, el interesado podr\u00e1 ponerse en contacto a trav\u00e9s de la siguiente direcci\u00f3n de correo electr\u00f3nico <span class=\"s2\">info@ipartelecom.com <\/span>o dirigiendo un escrito a IPAR TELECOMUNICACIONES, SL en la direcci\u00f3n indicada en el apartado sobre responsables de tratamiento.<span class=\"Apple-converted-space\">\u00a0<\/span><\/p>\n<p class=\"p3\">Usted, especialmente cuando no haya obtenido satisfacci\u00f3n en el ejercicio de sus derechos, tiene derecho a presentar reclamaci\u00f3n ante la autoridad nacional de control, a estos efectos debe dirigirse ante la Agencia Espa\u00f1ola de Protecci\u00f3n de Datos. Con car\u00e1cter previo a la presentaci\u00f3n de dicha reclamaci\u00f3n contra la Agencia Espa\u00f1ola de Protecci\u00f3n de datos, usted puede dirigirse al encargado de ejercer los derechos del afectado a trav\u00e9s de la siguiente direcci\u00f3n de correo electr\u00f3nico: <span class=\"s2\">info@ipartelecom.com<span class=\"Apple-converted-space\">\u00a0<\/span><\/span><\/p>\n<p class=\"p9\"><b>Fecha modificaci\u00f3n del texto: 10 de enero de 2022<span class=\"Apple-converted-space\">\u00a0<\/span><\/b><\/p>\n\n\t\t<\/div>\n\t<\/div>\n<\/div><\/div><\/div><\/div>\n<\/div>","protected":false},"excerpt":{"rendered":"\u00a0POLITICA DE PRIVACIDAD\u00a0 IPAR TELECOMUNICACIONES, SL informa sobre su Pol\u00edtica de Privacidad respecto del tratamiento y protecci\u00f3n de los datos de car\u00e1cter personal de los usuarios y clientes que puedan ser recabados por la navegaci\u00f3n o contrataci\u00f3n de servicios a trav\u00e9s del sitio Web.\u00a0 En este sentido, el IPAR TELECOMUNICACIONES, SL garantiza el cumplimiento de [...]","protected":false},"author":1,"featured_media":0,"parent":0,"menu_order":0,"comment_status":"closed","ping_status":"closed","template":"","meta":{"footnotes":""},"class_list":["post-199","page","type-page","status-publish","hentry"],"_links":{"self":[{"href":"https:\/\/ipartelecom.com\/es\/wp-json\/wp\/v2\/pages\/199","targetHints":{"allow":["GET"]}}],"collection":[{"href":"https:\/\/ipartelecom.com\/es\/wp-json\/wp\/v2\/pages"}],"about":[{"href":"https:\/\/ipartelecom.com\/es\/wp-json\/wp\/v2\/types\/page"}],"author":[{"embeddable":true,"href":"https:\/\/ipartelecom.com\/es\/wp-json\/wp\/v2\/users\/1"}],"replies":[{"embeddable":true,"href":"https:\/\/ipartelecom.com\/es\/wp-json\/wp\/v2\/comments?post=199"}],"version-history":[{"count":2,"href":"https:\/\/ipartelecom.com\/es\/wp-json\/wp\/v2\/pages\/199\/revisions"}],"predecessor-version":[{"id":201,"href":"https:\/\/ipartelecom.com\/es\/wp-json\/wp\/v2\/pages\/199\/revisions\/201"}],"wp:attachment":[{"href":"https:\/\/ipartelecom.com\/es\/wp-json\/wp\/v2\/media?parent=199"}],"curies":[{"name":"wp","href":"https:\/\/api.w.org\/{rel}","templated":true}]}}