{"id":196,"date":"2022-12-13T15:23:37","date_gmt":"2022-12-13T15:23:37","guid":{"rendered":"https:\/\/ipartelecom.com\/?page_id=196"},"modified":"2022-12-13T15:24:29","modified_gmt":"2022-12-13T15:24:29","slug":"cookies","status":"publish","type":"page","link":"https:\/\/ipartelecom.com\/es\/cookies\/","title":{"rendered":"Cookie Policy"},"content":{"rendered":"<div class=\"wpb-content-wrapper\"><div class=\"vc_row wpb_row vc_row-fluid\"><div class=\"wpb_column vc_column_container vc_col-sm-12\"><div class=\"vc_column-inner\"><div class=\"wpb_wrapper\">\n\t<div class=\"wpb_text_column wpb_content_element\" >\n\t\t<div class=\"wpb_wrapper\">\n\t\t\t<h1>POLITICA DE COOKIES<\/h1>\n<p><strong>\u00a0<\/strong><\/p>\n<p>Este sitio web podr\u00e1 utiliza cookies cuando un usuario navega por sus p\u00e1ginas, para optimizar nuestro sitio web y nuestro servicio.<\/p>\n<p><strong>Definici\u00f3n y funci\u00f3n de las cookies. Qu\u00e9 son y para que se utilizan.<\/strong><\/p>\n<p>Una cookie es un fichero que se descarga en el equipo (ordenador\/smartphone\/Tablet) del usuario al acceder a determinadas p\u00e1ginas web para almacenar y recuperar informaci\u00f3n sobre la navegaci\u00f3n que se efect\u00faa desde dicho equipo.<\/p>\n<p>Por medio de las cookies permiten a IPAR TELECOMUNICACIONES, SL entre otras cosas, obtener informaci\u00f3n sobre la actividad del usuario en el sitio web, ofrecer un mejor servicio a los visitantes, permitir una navegaci\u00f3n m\u00e1s fluida y personalizada, obtener mediciones estad\u00edsticas que permite conocer el n\u00famero de visitas realizadas a los servicios web, etc.<\/p>\n<p>Un pixel tag es una imagen invisible con una l\u00ednea de c\u00f3digo insertada en nuestra p\u00e1gina web que permite realizar seguimientos de la navegaci\u00f3n del usuario a trav\u00e9s de la propia web o a trav\u00e9s de p\u00e1ginas web de terceros. Estos elementos pueden utilizarse para llevar a cabo mediciones, seguimientos de uso o para la obtenci\u00f3n de datos agregados sobre el tr\u00e1fico y la interacci\u00f3n del sitio web con la finalidad de ofrecer publicidad personalizada, identificaci\u00f3n de tendencias y obtenci\u00f3n estad\u00edsticas para la mejora de la p\u00e1gina web.<\/p>\n<p>A trav\u00e9s de este tipo de archivos podemos recopilar la siguiente informaci\u00f3n: (i) direcci\u00f3n IP; (ii) identificador \u00fanico de cookies, informaci\u00f3n de cookies e informaci\u00f3n sobre si el dispositivo tiene software para acceder a ciertas funciones; (iii) identificador \u00fanico de dispositivo y tipo de dispositivo; (iv) dominio, tipo de navegador e idioma, (v) configuraci\u00f3n del sistema operativo y del sistema; (vi) pa\u00eds y zona horaria; (vii) p\u00e1gina web visitadas con anterioridad; (viii) informaci\u00f3n acerca de su interacci\u00f3n con nuestra p\u00e1gina web, tales como el comportamiento al hacer clic, las compras y las preferencias indicadas; y (ix) tiempos de acceso y URL de referencia.<\/p>\n<p>Hay terceros que tambi\u00e9n pueden recopilar informaci\u00f3n y datos de tu dispositivo y\/o navegador a trav\u00e9s de nuestra p\u00e1gina web mediante cookies, plug-ins, pixel tags y widgets de terceros. El tratamiento de estos datos estar\u00e1 sujeto a las pol\u00edticas de privacidad y cookies de estos terceros. No obstante, puedes obtener informaci\u00f3n de \u00e9stos a trav\u00e9s de la tabla descriptiva de la presente pol\u00edtica.<\/p>\n<p>Puedes cambiar tus preferencias para eliminar o evitar que se guarden determinadas cookies sin tu consentimiento expl\u00edcito en tu ordenador o dispositivo m\u00f3vil visitando la secci\u00f3n \u2018tu configuraci\u00f3n de cookies\u2019, que se encuentra al final de nuestra p\u00e1gina web. Tambi\u00e9n puedes desactivar las cookies a trav\u00e9s de la configuraci\u00f3n de cada navegador y dispositivo que utilices. Dado que cada navegador es diferente, deber\u00e1s visitar el men\u00fa de Ayuda del navegador utilizado para conocer c\u00f3mo modificar las cookies (Google Chrome, Mozilla Firefox, Internet Explorer, Microsoft Edge, Safari, Safari para IOS (iPhone y iPad), Chrome para Android, Chrome para iPhone y iPad). Tambi\u00e9n puedes inhabilitar las cookies que utilizamos de Google Analitycs aqu\u00ed.<\/p>\n<p>Ten en cuenta que, si desactivas las cookies, es posible que no tengas acceso a muchas funciones que hacen que las p\u00e1ginas web sea m\u00e1s eficiente y, por este motivo, es posible que algunos de nuestros servicios no funcionen correctamente.<\/p>\n<p><strong>Tipos de cookies seg\u00fan la entidad que la gestione:<\/strong><\/p>\n<p>Seg\u00fan qui\u00e9n sea la entidad que gestione el equipo o dominio desde donde se env\u00edan las cookies y trate los datos que se obtengan, se pueden distinguir:<\/p>\n<p>&nbsp;<\/p>\n<ul>\n<li><strong>Cookies propias. <\/strong>Son aquellas que se env\u00edan al equipo del usuario desde un equipo o dominio gestionado por el propio editor y desde el que se presta el servicio solicitado.<\/li>\n<li><strong>Cookies de terceros. <\/strong>Son aquellas que se env\u00edan al equipo terminal del usuario desde un equipo o dominio que no es gestionado por el editor, sino por otra entidad que trata los datos obtenidos trav\u00e9s de las cookies.<\/li>\n<\/ul>\n<p><strong>Tipos de cookies seg\u00fan la su finalidad:<\/strong><\/p>\n<ul>\n<li><strong>Cookies t\u00e9cnicas &#8211; STRICTLY NECESSARY COOKIES<\/strong>: Son aqu\u00e9llas que permiten al usuario la navegaci\u00f3n a trav\u00e9s de una p\u00e1gina web, plataforma o aplicaci\u00f3n y la utilizaci\u00f3n de las diferentes opciones o servicios que en ella existan como, por ejemplo, controlar el tr\u00e1fico y la comunicaci\u00f3n de datos, identificar la sesi\u00f3n, acceder a partes de acceso restringido, recordar los elementos que integran un pedido, realizar el proceso de compra de un pedido, gestionar el pago, controlar el fraude vinculado a la seguridad del servicio realizar la solicitud de inscripci\u00f3n o participaci\u00f3n en un evento, utilizar elementos de seguridad durante la navegaci\u00f3n, almacenar contenidos para la difusi\u00f3n de videos o sonido o compartir contenidos a trav\u00e9s de redes sociales.<\/li>\n<\/ul>\n<p>Tambi\u00e9n pertenecen a esta categor\u00eda, por su naturaleza t\u00e9cnica, aquellas cookies que permiten la gesti\u00f3n, de la forma m\u00e1s eficaz posible, de los espacios publicitarios que, como un elemento m\u00e1s de dise\u00f1o o \u201cmaquetaci\u00f3n\u201d del servicio ofrecido al usuario, el editor haya incluido en una p\u00e1gina web, aplicaci\u00f3n o plataforma en base a criterios como el contenido editado, sin que se recopile informaci\u00f3n de los usuarios con fines distintos, como puede ser personalizar ese contenido publicitario u otros contenidos.<\/p>\n<p>&nbsp;<\/p>\n<p><strong>Las cookies t\u00e9cnicas estar\u00e1n exceptuadas del cumplimiento de las obligaciones establecidas en el art\u00edculo 22.2 de la LSSI cuando permitan prestar el servicio solicitado por el usuario, como ocurre en el caso de las cookies enumeradas en los p\u00e1rrafos anteriores. Sin embargo, si estas cookies se utilizan tambi\u00e9n para finalidades no exentas (por ejemplo, para fines publicitarios comportamentales), quedar\u00e1n sujetas a dichas obligaciones.<\/strong><\/p>\n<p>&nbsp;<\/p>\n<ul>\n<li><strong>Cookies de personalizaci\u00f3n o preferencias<\/strong>: Son aqu\u00e9llas que permiten al usuario acceder al servicio con algunas caracter\u00edsticas de car\u00e1cter general predefinidas en funci\u00f3n de una serie de criterios en el terminal del usuario como por ejemplo serian el idioma, el tipo de navegador a trav\u00e9s del cual accede al servicio, la configuraci\u00f3n regional desde donde accede al servicio, etc.<\/li>\n<\/ul>\n<p>&nbsp;<\/p>\n<p><strong>Si es el propio usuario quien elige esas caracter\u00edsticas (por ejemplo, si selecciona el idioma de un sitio web clicando en el icono de la bandera del pa\u00eds correspondiente), las cookies estar\u00e1n exceptuadas de las obligaciones del art\u00edculo 22.2 de la LSSI por considerarse un servicio expresamente solicitado por el usuario, y ello siempre y cuando las cookies obedezcan exclusivamente a la finalidad seleccionada.<\/strong><\/p>\n<p>&nbsp;<\/p>\n<ul>\n<li><strong>Cookies de an\u00e1lisis o medici\u00f3n<\/strong>: Son aqu\u00e9llas que permiten al responsable de las mismas, el seguimiento y an\u00e1lisis del comportamiento de los usuarios de los sitios web a los que est\u00e1n vinculadas. La informaci\u00f3n recogida mediante este tipo de cookies se utiliza en la medici\u00f3n de la actividad de los sitios web, aplicaci\u00f3n o plataforma y para la elaboraci\u00f3n de perfiles de navegaci\u00f3n de los usuarios de dichos sitios, aplicaciones y plataformas, con el fin de introducir mejoras en funci\u00f3n del an\u00e1lisis de los datos de uso que hacen los usuarios del servicio.<\/li>\n<\/ul>\n<p><strong>Respecto al tratamiento de datos recabados a trav\u00e9s de las cookies de an\u00e1lisis, el grupo de trabajo del articulo 29 ha manifestado que, a pesar de que no est\u00e1n exentas del deber de obtener un consentimiento informado para su uso, es poco probable que representen un riesgo para la privacidad de los usuarios siempre que se trate de cookies de primera parte, que traten datos agregados con una finalidad estrictamente estad\u00edstica, que se facilite informaci\u00f3n sobre sus uso y se incluya la posibilidad de que los usuarios manifiesten su negativa sobre su utilizaci\u00f3n<\/strong>.<\/p>\n<ul>\n<li><strong>Cookies publicitarias comportamentales<\/strong>: son aquellas que almacenan informaci\u00f3n del comportamiento de los usuarios obtenida a trav\u00e9s de la observaci\u00f3n continuada de sus h\u00e1bitos de navegaci\u00f3n, lo que permite desarrollar un perfil espec\u00edfico para mostrar publicidad en funci\u00f3n del mismo.<\/li>\n<\/ul>\n<p><strong>Tipos de cookies seg\u00fan el plazo de tiempo que permanecen activas.<\/strong><\/p>\n<ul>\n<li><strong>Cookies de sesi\u00f3n:<\/strong> son aquellas dise\u00f1adas para recabar y almacenar datos mientras el usuario accede a una p\u00e1gina web. Se suelen emplear para almacenar informaci\u00f3n que solo interesa conservar para la prestaci\u00f3n del servicio solicitado por el usuario en una sola ocasi\u00f3n (por ejemplo, una lista de productos adquiridos) y desaparecen al terminar la sesi\u00f3n.<\/li>\n<li><strong>Cookies duraderas o persistentes: <\/strong>son aquellas en las que los datos siguen almacenados en el terminal y pueden ser accedidos y tratados durante un periodo definido por el responsable de la cookie, y que puede ir de unos minutos a varios a\u00f1os.<\/li>\n<\/ul>\n<p><strong>Cookies utilizadas en este sitio web<\/strong><\/p>\n<p>Siguiendo las directrices de la Agencia Espa\u00f1ola de Protecci\u00f3n de Datos procedemos a detallar el uso de cookies que hace esta web con el fin de informarle con la m\u00e1xima exactitud posible.<\/p>\n<p>Esta p\u00e1gina utiliza tipos diferentes de cookies. Algunas cookies son colocadas por servicios de terceros que aparecen en nuestras p\u00e1ginas.<\/p>\n<p><strong>Las cookies que se instalan al navegar por este sitio web son:<\/strong><\/p>\n<p>&nbsp;<\/p>\n<table width=\"623\">\n<tbody>\n<tr>\n<td width=\"123\"><strong>Nombre<\/strong><\/td>\n<td width=\"103\"><strong>Dominio<\/strong><\/td>\n<td width=\"111\"><strong>Tipo<\/strong><\/td>\n<td width=\"67\"><strong>Duraci\u00f3n<\/strong><\/td>\n<td width=\"219\"><strong>Descripci\u00f3n <\/strong><\/td>\n<\/tr>\n<tr>\n<td width=\"123\"><\/td>\n<td width=\"103\"><\/td>\n<td width=\"111\"><\/td>\n<td width=\"67\"><\/td>\n<td width=\"219\"><\/td>\n<\/tr>\n<\/tbody>\n<\/table>\n<p>&nbsp;<\/p>\n<p><strong>\u00bfC\u00f3mo puedes configurar o deshabilitar tus cookies?<\/strong><\/p>\n<p>Al entrar en el Sitio Web recibir\u00e1 un aviso acerca del uso de cookies con informaci\u00f3n b\u00e1sica y enlace a la presente Pol\u00edtica de Cookies. En particular, usted otorga su consentimiento expl\u00edcito para la instalaci\u00f3n de las \u201ccookies necesarias\u201d al continuar navegando sin cambiar su configuraci\u00f3n y las \u201cno necesarias\u201d aceptando de manera expresa su tratamiento.<\/p>\n<p>Podr\u00e1 revocar el consentimiento otorgado para el uso de cookies en cualquier momento, para ello, el usuario tiene la posibilidad de habilitar o deshabilitar las cookies modificando la configuraci\u00f3n de su navegador. No obstante, lo anterior, no impedir\u00e1 el posible almacenamiento o acceso de \u00edndole t\u00e9cnica con la finalidad de efectuar la transmisi\u00f3n de una comunicaci\u00f3n por una red de comunicaciones electr\u00f3nicas o, en la medida que resulte estrictamente necesario, para la prestaci\u00f3n de un servicio de la sociedad de la informaci\u00f3n expresamente solicitado por el Usuario.<\/p>\n<p>En los siguientes enlaces tienes a tu disposici\u00f3n toda la informaci\u00f3n para configurar o deshabilitar tus cookies en cada navegador:<\/p>\n<p>&nbsp;<\/p>\n<ul>\n<li>Internet Explorer: <a href=\"https:\/\/support.microsoft.com\/es-es\/help\/17442\/windows-internet-explorer-delete-manage-cookies\">https:\/\/support.microsoft.com\/es-es\/help\/17442\/windows-internet-explorer-delete-manage-cookies<\/a><\/li>\n<li>Firefox: <a href=\"https:\/\/support.mozilla.org\/es\/kb\/habilitar-y-deshabilitar-cookies-que-los-sitios-we\">https:\/\/support.mozilla.org\/es\/kb\/habilitar-y-deshabilitar-cookies-que-los-sitios-we<\/a><\/li>\n<li>Chrome: <a href=\"http:\/\/support.google.com\/chrome\/bin\/answer.py?hl=es&amp;answer=95647\">http:\/\/support.google.com\/chrome\/bin\/answer.py?hl=es&amp;answer=95647<\/a><\/li>\n<li>Safari: <a href=\"https:\/\/support.apple.com\/es-es\/guide\/safari\/sfri11471\/mac\">https:\/\/support.apple.com\/es-es\/guide\/safari\/sfri11471\/mac<\/a><\/li>\n<\/ul>\n<p>&nbsp;<\/p>\n<p><strong>Fecha modificaci\u00f3n del texto: 10 de enero de 2022<\/strong><\/p>\n\n\t\t<\/div>\n\t<\/div>\n<\/div><\/div><\/div><\/div>\n<\/div>","protected":false},"excerpt":{"rendered":"POLITICA DE COOKIES \u00a0 Este sitio web podr\u00e1 utiliza cookies cuando un usuario navega por sus p\u00e1ginas, para optimizar nuestro sitio web y nuestro servicio. Definici\u00f3n y funci\u00f3n de las cookies. Qu\u00e9 son y para que se utilizan. Una cookie es un fichero que se descarga en el equipo (ordenador\/smartphone\/Tablet) del usuario al acceder a [...]","protected":false},"author":1,"featured_media":0,"parent":0,"menu_order":0,"comment_status":"closed","ping_status":"closed","template":"","meta":{"footnotes":""},"class_list":["post-196","page","type-page","status-publish","hentry"],"_links":{"self":[{"href":"https:\/\/ipartelecom.com\/es\/wp-json\/wp\/v2\/pages\/196","targetHints":{"allow":["GET"]}}],"collection":[{"href":"https:\/\/ipartelecom.com\/es\/wp-json\/wp\/v2\/pages"}],"about":[{"href":"https:\/\/ipartelecom.com\/es\/wp-json\/wp\/v2\/types\/page"}],"author":[{"embeddable":true,"href":"https:\/\/ipartelecom.com\/es\/wp-json\/wp\/v2\/users\/1"}],"replies":[{"embeddable":true,"href":"https:\/\/ipartelecom.com\/es\/wp-json\/wp\/v2\/comments?post=196"}],"version-history":[{"count":2,"href":"https:\/\/ipartelecom.com\/es\/wp-json\/wp\/v2\/pages\/196\/revisions"}],"predecessor-version":[{"id":198,"href":"https:\/\/ipartelecom.com\/es\/wp-json\/wp\/v2\/pages\/196\/revisions\/198"}],"wp:attachment":[{"href":"https:\/\/ipartelecom.com\/es\/wp-json\/wp\/v2\/media?parent=196"}],"curies":[{"name":"wp","href":"https:\/\/api.w.org\/{rel}","templated":true}]}}