{"id":192,"date":"2022-12-13T15:15:21","date_gmt":"2022-12-13T15:15:21","guid":{"rendered":"https:\/\/ipartelecom.com\/?page_id=192"},"modified":"2022-12-13T15:19:19","modified_gmt":"2022-12-13T15:19:19","slug":"legal-notice","status":"publish","type":"page","link":"https:\/\/ipartelecom.com\/es\/legal-notice\/","title":{"rendered":"Aviso legal"},"content":{"rendered":"<div class=\"wpb-content-wrapper\"><div class=\"vc_row wpb_row vc_row-fluid\"><div class=\"wpb_column vc_column_container vc_col-sm-12\"><div class=\"vc_column-inner\"><div class=\"wpb_wrapper\">\n\t<div class=\"wpb_text_column wpb_content_element\" >\n\t\t<div class=\"wpb_wrapper\">\n\t\t\t<h1>AVISO LEGAL<\/h1>\n<p><strong>\u00a0<\/strong><\/p>\n<ol>\n<li>\n<h5><strong>Informaci\u00f3n General y objeto.<\/strong><\/h5>\n<\/li>\n<\/ol>\n<p>Este sitio Web es propiedad de:<\/p>\n<ul>\n<li><strong>Identidad<\/strong>: IPAR TELECOMUNICACIONES, SL <strong>CIF\/NIF<\/strong>: B31896574<\/li>\n<li><strong>Direcci\u00f3n<\/strong>: Calle Carmen 20 \u2013 3\u00ba (31001) Pamplona, Navarra<\/li>\n<li><strong>Correo electr\u00f3nico<\/strong>: <a href=\"mailto:info@ipartelecom.com\">info@ipartelecom.com<\/a> <strong>Tel\u00e9fono<\/strong>: +34948245867<\/li>\n<li><strong>Datos registrales de la inscripci\u00f3n: <\/strong>Registro Mercantil de XXX &#8211; Tomo XXX &#8211; Folio XX, Secci\u00f3n primera, Hoja NA XXXX<\/li>\n<li><strong>Registro de empresas instaladoras de telecomunicaci\u00f3n:<\/strong>\u00ba inscripci\u00f3n 10506 (Tipo A, Tipo B y Tipo D)<\/li>\n<\/ul>\n<p>&nbsp;<\/p>\n<p>IPAR TELECOMUNICACIONES, SL a trav\u00e9s de este Sitio Web facilita datos de inter\u00e9s acerca de su actividad y servicios.<\/p>\n<p>La utilizaci\u00f3n de este sitio Web atribuye al navegante la condici\u00f3n de usuario del sitio, lo cual implica la adhesi\u00f3n a las presentes condiciones en la versi\u00f3n publicada en el momento en que se acceda al mismo. Por ello, IPAR TELECOMUNICACIONES, SL recomienda al usuario leer las mismas atentamente cada vez que acceda al sitio Web.<\/p>\n<ol start=\"2\">\n<li>\n<h5><strong>Del sitio Web y responsabilidad del prestador<\/strong><\/h5>\n<\/li>\n<\/ol>\n<p>IPAR TELECOMUNICACIONES, SL se exime de cualquier tipo de responsabilidad derivada de la informaci\u00f3n publicada en este sitio Web, o cualesquiera otros dependientes de este, si ha sido manipulada o introducida por un tercero sin consentimiento de su titular.<\/p>\n<p>Este sitio Web puede estar temporalmente no activo, por problemas t\u00e9cnicos o trabajos de mantenimiento y actualizaciones.<\/p>\n<p>IPAR TELECOMUNICACIONES, SL no asume responsabilidad alguna respecto de dichas tareas de mantenimiento, fallos o errores t\u00e9cnicos que se puedan producir.<\/p>\n<p>Cualquier informaci\u00f3n anunciada por IPAR TELECOMUNICACIONES, SL en su sitio Web, deber\u00e1 ser en todo caso confirmada ante IPAR TELECOMUNICACIONES, SL mediante cualquiera de los modos de contacto para garantizar la veracidad del contenido web.<\/p>\n<p>IPAR TELECOMUNICACIONES, SL presta especial atenci\u00f3n a que la informaci\u00f3n del sitio web sea exacta y precisa, procediendo a su actualizaci\u00f3n de forma peri\u00f3dica y corrigiendo los errores tan pronto como estos hayan sido detectados. Con todo, IPAR TELECOMUNICACIONES, SL no puede garantizar que la informaci\u00f3n est\u00e9 actualizada y la inexistencia de errores en todo momento.<\/p>\n<p>Para la utilizaci\u00f3n de determinados servicios o contenidos del sitio Web, el usuario deber\u00e1 realizar la suscripci\u00f3n o registro como usuario.<\/p>\n<p>IPAR TELECOMUNICACIONES, SL adopta las medidas t\u00e9cnicas y organizativas necesarias para garantizar la protecci\u00f3n de datos personales y evitar su alteraci\u00f3n, p\u00e9rdida, tratamiento y\/o acceso no autorizado, habida cuenta del estado de la t\u00e9cnica, la naturaleza de los datos almacenados y los riesgos a que est\u00e1n expuestos, todo ello, conforme a lo establecido por la legislaci\u00f3n vigente de Protecci\u00f3n de datos de Car\u00e1cter Personal<\/p>\n<p><strong>Uso correcto de la p\u00e1gina Web<\/strong><\/p>\n<p>El usuario se compromete a utilizar la p\u00e1gina Web, los contenidos y servicios de conformidad con la Ley en la presente pol\u00edtica, las buenas costumbres y el orden p\u00fablico. Del mismo modo el usuario se obliga a no utilizar la p\u00e1gina Web, sus contenidos o los servicios que se presten a trav\u00e9s de \u00e9sta con fines o efectos il\u00edcitos o contrarios al contenido del presente aviso legal, lesivos de los intereses o derechos de terceros o que de cualquier forma pueda da\u00f1ar los datos, programas o documentos electr\u00f3nicos que se encuentren en la Web.<\/p>\n<p>Concretamente, y sin que ello implique restricci\u00f3n alguna al apartado anterior, durante el uso del Sitio Web, el Usuario est\u00e1 obligado a:<\/p>\n<ol>\n<li>Facilitar informaci\u00f3n veraz sobre los datos solicitados en los formularios.<\/li>\n<li>No introducir, almacenar o difundir en o desde el Sitio Web, cualquier informaci\u00f3n o material que fuera difamatorio, injurioso, obsceno, amenazador, xen\u00f3fobo, incite a la violencia, a la discriminaci\u00f3n por raz\u00f3n de raza, sexo, ideolog\u00eda, religi\u00f3n o que de cualquier forma atente contra la moral, el orden p\u00fablico, los derechos fundamentales, las libertades p\u00fablicas, el honor, la intimidad o la imagen de terceros y en general la normativa vigente.<\/li>\n<li>No introducir, almacenar o difundir mediante la Web ning\u00fan programa, datos, virus, c\u00f3digo, o cualquier otro dispositivo electr\u00f3nico o f\u00edsico que sea susceptible de causar da\u00f1os en el Sitio Web, en cualquiera de los servicios, o en cualquiera de los equipos, sistemas o redes de Desigual, de cualquier otro usuario, de los proveedores de Desigual o en general de cualquier tercero.<\/li>\n<li>No realizar actividades publicitarias o de explotaci\u00f3n comercial a trav\u00e9s del Sitio Web, y a no utilizar los contenidos y la informaci\u00f3n del mismo para remitir publicidad, o enviar mensajes con cualquier otro fin comercial, ni para recoger o almacenar datos personales de terceros.<\/li>\n<li>No utilizar identidades falsas, ni suplantar la identidad de otros en la utilizaci\u00f3n del Sitio Web o en la utilizaci\u00f3n de cualquiera de los servicios del mismo, incluyendo la utilizaci\u00f3n en su caso de contrase\u00f1as o claves de acceso de terceros o de cualquier otra forma.<\/li>\n<li>No destruir, alterar, utilizar para tu uso, inutilizar o da\u00f1ar los datos, informaciones, programas o documentos electr\u00f3nicos de IPAR TELECOMUNICACIONES, SL, nuestros proveedores o terceros.<\/li>\n<li>No introducir, almacenar o difundir mediante el Sitio Web cualquier contenido que infrinja derechos de propiedad intelectual, industrial o secretos empresariales de terceros, ni en general ning\u00fan contenido del cual no ostentara, de conformidad con la ley, el derecho a ponerlo a disposici\u00f3n de tercero.<\/li>\n<\/ol>\n<p>&nbsp;<\/p>\n<ol start=\"3\">\n<li>\n<h5><strong>Enlaces de terceros<\/strong><\/h5>\n<\/li>\n<\/ol>\n<p>La presente pol\u00edtica legal se refiere \u00fanicamente a la p\u00e1gina Web y contenidos de IPAR TELECOMUNICACIONES, SL y no se aplica a los enlaces o a las p\u00e1ginas Web de terceros accesibles a trav\u00e9s de la p\u00e1gina Web.<\/p>\n<p>Los destinos de dichos enlaces no est\u00e1n bajo el control de IPAR TELECOMUNICACIONES, SL<\/p>\n<p>IPAR TELECOMUNICACIONES, SL no es responsable del contenido de ninguna de las p\u00e1ginas Web de destino de un enlace, ni de ning\u00fan enlace incluido en una p\u00e1gina Web a la que llegue desde la Web de IPAR TELECOMUNICACIONES, SL ni de ning\u00fan cambio o actualizaci\u00f3n de dichas p\u00e1ginas.<\/p>\n<ol start=\"4\">\n<li>\n<h5><strong>Propiedad Intelectual.<\/strong><\/h5>\n<\/li>\n<\/ol>\n<p>El contenido del sitio Web es una obra original y protegida por el Derecho de Propiedad Intelectual con todos los derechos reservados para IPAR TELECOMUNICACIONES, SL no permiti\u00e9ndose la reproducci\u00f3n ni transmisi\u00f3n en forma alguna, ni por ning\u00fan medio de parte o de todo el contenido del material de este sitio Web, incluyendo, sin ser limitativo, texto, fotos, gr\u00e1ficos, c\u00f3digo de dise\u00f1o, sin previa autorizaci\u00f3n del autor. En ning\u00fan momento podr\u00e1 ser objeto de copia, modificaci\u00f3n o descompilaci\u00f3n del c\u00f3digo fuente mediante ingenier\u00eda inversa o cualquier otra t\u00e9cnica al efecto.<\/p>\n<p>Todos los logotipos y marcas de IPAR TELECOMUNICACIONES, SL se encuentran registrados como marcas en los registros p\u00fablicos correspondientes. El resto de los logotipos ajenos a IPAR TELECOMUNICACIONES, SL que pudieran aparecer en el sitio Web, pertenecen a sus respectivos propietarios, sin ser IPAR TELECOMUNICACIONES, SL responsable de controversias o de los contenidos de los mismos.<\/p>\n<p>El dise\u00f1o del sitio Web es propiedad de IPAR TELECOMUNICACIONES, SL desde su programaci\u00f3n, edici\u00f3n, compilaci\u00f3n y dem\u00e1s elementos necesarios para su funcionamiento. Se necesitar\u00e1 la autorizaci\u00f3n expresa de por escrito de IPAR TELECOMUNICACIONES, SL para su reproducci\u00f3n parcial o total, as\u00ed como para la explotaci\u00f3n, distribuci\u00f3n y comercializaci\u00f3n en general.<\/p>\n<p>Las reclamaciones que pudieran interponerse por los usuarios en relaci\u00f3n con posibles incumplimientos de los derechos de propiedad intelectual o industrial de los contenidos pueden dirigirse a:<\/p>\n<p><strong><a href=\"mailto:info@ipartelecom.com\">info@ipartelecom.com<\/a> <\/strong><\/p>\n<p>&nbsp;<\/p>\n<ol start=\"5\">\n<li>\n<h5><strong>Protecci\u00f3n de datos personales.<\/strong><\/h5>\n<\/li>\n<\/ol>\n<p><strong>Consultar la Pol\u00edtica de Privacidad<\/strong><strong>.<\/strong><\/p>\n<p>&nbsp;<\/p>\n<ol start=\"6\">\n<li>\n<h5><strong>Ley Aplicable y Jurisdicci\u00f3n.<\/strong><\/h5>\n<\/li>\n<\/ol>\n<p>Para toda cuesti\u00f3n litigiosa o que incumba al Sitio Web o en su caso el servicio prestado por IPAR TELECOMUNICACIONES, SL, se someten voluntariamente a la legislaci\u00f3n espa\u00f1ola, siendo competentes para la resoluci\u00f3n de todos los conflictos derivados o relacionados los Juzgados y Tribunales de Pamplona (Espa\u00f1a) y en su caso, los Tribunales Arbitrales a los que se encuentra adherida en el momento de la controversia IPAR TELECOMUNICACIONES, SL.<\/p>\n<p><strong>\u00a0<\/strong><\/p>\n<p><strong>Fecha modificaci\u00f3n del texto: 10 de enero de 2022<\/strong><\/p>\n\n\t\t<\/div>\n\t<\/div>\n<\/div><\/div><\/div><\/div>\n<\/div>","protected":false},"excerpt":{"rendered":"AVISO LEGAL \u00a0 Informaci\u00f3n General y objeto. Este sitio Web es propiedad de: Identidad: IPAR TELECOMUNICACIONES, SL CIF\/NIF: B31896574 Direcci\u00f3n: Calle Carmen 20 \u2013 3\u00ba (31001) Pamplona, Navarra Correo electr\u00f3nico: info@ipartelecom.com Tel\u00e9fono: +34948245867 Datos registrales de la inscripci\u00f3n: Registro Mercantil de XXX - Tomo XXX - Folio XX, Secci\u00f3n primera, Hoja NA XXXX Registro de [...]","protected":false},"author":1,"featured_media":0,"parent":0,"menu_order":0,"comment_status":"closed","ping_status":"closed","template":"","meta":{"footnotes":""},"class_list":["post-192","page","type-page","status-publish","hentry"],"_links":{"self":[{"href":"https:\/\/ipartelecom.com\/es\/wp-json\/wp\/v2\/pages\/192","targetHints":{"allow":["GET"]}}],"collection":[{"href":"https:\/\/ipartelecom.com\/es\/wp-json\/wp\/v2\/pages"}],"about":[{"href":"https:\/\/ipartelecom.com\/es\/wp-json\/wp\/v2\/types\/page"}],"author":[{"embeddable":true,"href":"https:\/\/ipartelecom.com\/es\/wp-json\/wp\/v2\/users\/1"}],"replies":[{"embeddable":true,"href":"https:\/\/ipartelecom.com\/es\/wp-json\/wp\/v2\/comments?post=192"}],"version-history":[{"count":3,"href":"https:\/\/ipartelecom.com\/es\/wp-json\/wp\/v2\/pages\/192\/revisions"}],"predecessor-version":[{"id":195,"href":"https:\/\/ipartelecom.com\/es\/wp-json\/wp\/v2\/pages\/192\/revisions\/195"}],"wp:attachment":[{"href":"https:\/\/ipartelecom.com\/es\/wp-json\/wp\/v2\/media?parent=192"}],"curies":[{"name":"wp","href":"https:\/\/api.w.org\/{rel}","templated":true}]}}